{"id":4575,"date":"2023-05-04T11:35:27","date_gmt":"2023-05-04T09:35:27","guid":{"rendered":"https:\/\/dev.tierschutz.com\/?page_id=4575"},"modified":"2024-05-31T15:03:15","modified_gmt":"2024-05-31T13:03:15","slug":"politique","status":"publish","type":"page","link":"https:\/\/mail.protection-animaux-psa.ch\/fr\/protection-des-animaux\/politique\/","title":{"rendered":"Politique"},"content":{"rendered":"\n<div class=\"wp-block-cover alignfull is-light\" style=\"min-height:100vh;aspect-ratio:unset;\"><span aria-hidden=\"true\" class=\"wp-block-cover__background has-background-dim-20 has-background-dim\"><\/span><img loading=\"lazy\" decoding=\"async\" width=\"2560\" height=\"1707\" class=\"wp-block-cover__image-background wp-image-6261\" alt=\"Schweizer Matterhorn mit Schweizerfahne im Vordergrund. \" src=\"https:\/\/tierschutz.com\/app\/uploads\/2023\/06\/sts-politik-scaled.jpg\" style=\"object-position:53% 64%\" data-object-fit=\"cover\" data-object-position=\"53% 64%\" srcset=\"https:\/\/mail.protection-animaux-psa.ch\/app\/uploads\/2023\/06\/sts-politik-scaled.jpg 2560w, https:\/\/mail.protection-animaux-psa.ch\/app\/uploads\/2023\/06\/sts-politik-300x200.jpg 300w, https:\/\/mail.protection-animaux-psa.ch\/app\/uploads\/2023\/06\/sts-politik-1024x683.jpg 1024w, https:\/\/mail.protection-animaux-psa.ch\/app\/uploads\/2023\/06\/sts-politik-768x512.jpg 768w, https:\/\/mail.protection-animaux-psa.ch\/app\/uploads\/2023\/06\/sts-politik-1536x1024.jpg 1536w, https:\/\/mail.protection-animaux-psa.ch\/app\/uploads\/2023\/06\/sts-politik-2048x1365.jpg 2048w\" sizes=\"auto, (max-width: 2560px) 100vw, 2560px\" \/><div class=\"wp-block-cover__inner-container is-layout-flow wp-block-cover-is-layout-flow\">\n<h2 class=\"wp-block-heading has-text-align-center has-background-color has-text-color\"><strong><strong>Politique<\/strong><\/strong><\/h2>\n<\/div><\/div>\n\n\n\n<div class=\"wp-block-group alignfull anchor-bar has-lightgray-background-color has-background is-layout-constrained wp-block-group-is-layout-constrained\">\n<div class=\"wp-block-group is-content-justification-space-between is-layout-flex wp-container-core-group-is-layout-9366075c wp-block-group-is-layout-flex\">\n<p class=\"has-large-font-size\"><strong><a href=\"#agrarpolitik\"><strong>Politique agricole et consommation<\/strong><\/a><\/strong><\/p>\n\n\n\n<p class=\"has-large-font-size\"><strong><a href=\"#agrarpolitik\"><strong><strong><strong><strong>Initiatives et prises de position<\/strong><\/strong><\/strong><\/strong><\/a><\/strong><\/p>\n<\/div>\n<\/div>\n\n\n\n<div class=\"wp-block-group alignfull has-background-background-color has-background is-layout-constrained wp-block-group-is-layout-constrained\" id=\"derhund\"><div class=\"yoast-breadcrumbs\"><span><span><a href=\"https:\/\/mail.swiss-animal-protection.ch\/fr\/\">Page d\u2019accueil<\/a><\/span> \u00bb <span><a href=\"https:\/\/mail.schweizer-tierschutz-sts.ch\/fr\/protection-des-animaux\/\">Protection des animaux\u00a0<\/a><\/span> \u00bb <span class=\"breadcrumb_last\" aria-current=\"page\">Politique<\/span><\/span><\/div>\n\n\n<h1 class=\"wp-block-heading has-text-align-center\"><strong><strong>Protection des animaux et politique<\/strong><\/strong><\/h1>\n\n\n\n<hr class=\"wp-block-separator has-text-color has-primary-color has-alpha-channel-opacity has-primary-background-color has-background\"\/>\n\n\n\n<p>La l\u00e9gislation sur la protection des animaux d\u00e9finit les conditions-cadres et les exigences minimales qui s\u2019appliquent \u00e0 tous. Malheureusement, d\u2019importantes lacunes subsistent en Suisse. De toute fa\u00e7on, la protection des animaux ne figure pas en t\u00eate de l\u2019agenda politique.&nbsp;<\/p>\n\n\n\n<p>C\u2019est pourquoi, en plus des campagnes de sensibilisation, la PSA plaide en permanence en faveur de l\u2019am\u00e9lioration de la l\u00e9gislation sur la protection des animaux.&nbsp;<\/p>\n\n\n\n<p>La loi sur la protection des animaux et la loi sur l\u2019agriculture rel\u00e8vent de la comp\u00e9tence f\u00e9d\u00e9rale. La politique et les autorit\u00e9s sont des leviers qui permettent d\u2019agir, c\u2019est pourquoi la PSA apporte ses comp\u00e9tences aux femmes et aux hommes politiques lors des interventions parlementaires. La PSA g\u00e8re \u00e9galement le secr\u00e9tariat du <a href=\"https:\/\/tierschutz.com\/fr\/protection-des-animaux\/politique\/groupe-parlementaire-sur-la-protection-des-animaux\/\">groupe parlementaire<\/a> au Palais f\u00e9d\u00e9ral.<\/p>\n\n\n\n<p>Pour accro\u00eetre son efficacit\u00e9, elle est repr\u00e9sent\u00e9e dans des groupes de travail et des commissions et noue des collaborations avec d\u2019autres organisations ou adh\u00e8re \u00e0 des alliances.&nbsp;<\/p>\n\n\n\n<p>En raison de la forte interconnexion entre politique et monde de l\u2019\u00e9conomie, son action ne se limite pas \u00e0 proprement parler \u00e0 la politique. La PSA intervient \u00e9galement avec comp\u00e9tence dans l\u2019environnement sectoriel voisin et m\u00e8ne r\u00e9guli\u00e8rement des \u00e9changes critiques et constructifs avec les repr\u00e9sentants des branches.<\/p>\n\n\n\n<p>Au niveau cantonal, elle soutient les demandes des 71 sections en Suisse et au Liechtenstein ou se concentre ponctuellement sur certaines interventions. Sur la sc\u00e8ne internationale, la PSA s\u2019engage comme membre de l\u2019\u00ab<a href=\"https:\/\/www.eurogroupforanimals.org\" target=\"_blank\" rel=\"noreferrer noopener\">Eurogroup for Animals<\/a>\u00bb qui se mobilise pour la protection des animaux au niveau europ\u00e9en.<\/p>\n\n\n\n<p>Gr\u00e2ce \u00e0 son ind\u00e9pendance politique et \u00e0 son expertise, la Protection Suisse des Animaux PSA est per\u00e7ue comme un partenaire comp\u00e9tent et cr\u00e9dible par les autorit\u00e9s, les parlementaires et les repr\u00e9sentants des branches.<\/p>\n<\/div>\n\n\n\n<div class=\"wp-block-group has-background-background-color has-background is-layout-constrained wp-block-group-is-layout-constrained\">\n<div class=\"wp-block-columns is-layout-flex wp-container-core-columns-is-layout-28f84493 wp-block-columns-is-layout-flex\" id=\"agrarpolitik\">\n<div class=\"wp-block-column is-layout-flow wp-block-column-is-layout-flow\">\n<div class=\"wp-block-media-text alignwide is-stacked-on-mobile is-style-stacked-shadow no-inset\"><figure class=\"wp-block-media-text__media\"><img loading=\"lazy\" decoding=\"async\" width=\"1024\" height=\"681\" src=\"https:\/\/tierschutz.com\/app\/uploads\/2023\/06\/sts-agrarpolitik-1024x681.jpg\" alt=\"\" class=\"wp-image-5811 size-full\" srcset=\"https:\/\/mail.protection-animaux-psa.ch\/app\/uploads\/2023\/06\/sts-agrarpolitik-1024x681.jpg 1024w, https:\/\/mail.protection-animaux-psa.ch\/app\/uploads\/2023\/06\/sts-agrarpolitik-300x200.jpg 300w, https:\/\/mail.protection-animaux-psa.ch\/app\/uploads\/2023\/06\/sts-agrarpolitik-768x511.jpg 768w, https:\/\/mail.protection-animaux-psa.ch\/app\/uploads\/2023\/06\/sts-agrarpolitik-1536x1022.jpg 1536w, https:\/\/mail.protection-animaux-psa.ch\/app\/uploads\/2023\/06\/sts-agrarpolitik.jpg 1690w\" sizes=\"auto, (max-width: 1024px) 100vw, 1024px\" \/><\/figure><div class=\"wp-block-media-text__content\">\n<h3 class=\"wp-block-heading\"><strong>Politique agricole et consommation<\/strong><\/h3>\n\n\n\n<p>Apr\u00e8s la suspension de la politique agricole PA22+, le Conseil f\u00e9d\u00e9ral a pr\u00e9sent\u00e9 deux ans plus tard, dans un rapport, la mani\u00e8re dont il entend orienter la politique agricole \u00e0 court et \u00e0 long terme.<\/p>\n\n\n\n<div class=\"wp-block-buttons is-layout-flex wp-block-buttons-is-layout-flex\">\n<div class=\"wp-block-button\"><a class=\"wp-block-button__link wp-element-button\" href=\"https:\/\/tierschutz.com\/fr\/protection-des-animaux\/politique\/politique-agricole-et-consommation\/\">En savoir plus<\/a><\/div>\n<\/div>\n<\/div><\/div>\n\n\n\n<div class=\"wp-block-media-text alignwide is-stacked-on-mobile is-style-stacked-shadow no-inset\"><figure class=\"wp-block-media-text__media\"><img loading=\"lazy\" decoding=\"async\" width=\"1024\" height=\"437\" src=\"https:\/\/tierschutz.com\/app\/uploads\/2023\/11\/Bundeshaus-1024x437.png\" alt=\"\" class=\"wp-image-13102 size-full\" srcset=\"https:\/\/mail.protection-animaux-psa.ch\/app\/uploads\/2023\/11\/Bundeshaus-1024x437.png 1024w, https:\/\/mail.protection-animaux-psa.ch\/app\/uploads\/2023\/11\/Bundeshaus-300x128.png 300w, https:\/\/mail.protection-animaux-psa.ch\/app\/uploads\/2023\/11\/Bundeshaus-768x328.png 768w, https:\/\/mail.protection-animaux-psa.ch\/app\/uploads\/2023\/11\/Bundeshaus.png 1034w\" sizes=\"auto, (max-width: 1024px) 100vw, 1024px\" \/><\/figure><div class=\"wp-block-media-text__content\">\n<h3 class=\"wp-block-heading\"><strong>Groupe parlementaire sur la <\/strong><br><strong>protection des animaux<\/strong><\/h3>\n\n\n\n<p>Les parlementaires f\u00e9d\u00e9raux peuvent s\u2019inscrire ici au groupe parlementaire pour la protection des animaux.<\/p>\n\n\n\n<div class=\"wp-block-buttons is-layout-flex wp-block-buttons-is-layout-flex\">\n<div class=\"wp-block-button\"><a class=\"wp-block-button__link wp-element-button\" href=\"https:\/\/tierschutz.com\/fr\/protection-des-animaux\/politique\/groupe-parlementaire-sur-la-protection-des-animaux\/\">En savoir plus<\/a><\/div>\n<\/div>\n<\/div><\/div>\n<\/div>\n\n\n\n<div class=\"wp-block-column is-layout-flow wp-block-column-is-layout-flow\">\n<div class=\"wp-block-media-text alignwide is-stacked-on-mobile is-style-stacked-shadow no-inset\"><figure class=\"wp-block-media-text__media\"><img loading=\"lazy\" decoding=\"async\" width=\"1024\" height=\"658\" src=\"https:\/\/tierschutz.com\/app\/uploads\/2023\/05\/STS-Abstimungen-1024x658.jpg\" alt=\"Ein Wolf der seinen Kopf auf einem Stock gelegt hat\" class=\"wp-image-2387 size-full\" srcset=\"https:\/\/mail.protection-animaux-psa.ch\/app\/uploads\/2023\/05\/STS-Abstimungen-1024x658.jpg 1024w, https:\/\/mail.protection-animaux-psa.ch\/app\/uploads\/2023\/05\/STS-Abstimungen-300x193.jpg 300w, https:\/\/mail.protection-animaux-psa.ch\/app\/uploads\/2023\/05\/STS-Abstimungen-768x494.jpg 768w, https:\/\/mail.protection-animaux-psa.ch\/app\/uploads\/2023\/05\/STS-Abstimungen.jpg 1416w\" sizes=\"auto, (max-width: 1024px) 100vw, 1024px\" \/><\/figure><div class=\"wp-block-media-text__content\">\n<h3 class=\"wp-block-heading\"><strong><strong>Initiatives et prises de position<\/strong><\/strong><\/h3>\n\n\n\n<p>La PSA soutient les initiatives contre la cruaut\u00e9 envers les animaux. D\u00e9couvrez ici de quelles initiatives il s&#8217;agit.<\/p>\n\n\n\n<div class=\"wp-block-buttons is-layout-flex wp-block-buttons-is-layout-flex\">\n<div class=\"wp-block-button\"><a class=\"wp-block-button__link wp-element-button\" href=\"https:\/\/tierschutz.com\/fr\/protection-des-animaux\/politique\/votations-et-prises-de-position\/\">En savoir plus<\/a><\/div>\n<\/div>\n<\/div><\/div>\n<\/div>\n<\/div>\n<\/div>\n","protected":false},"excerpt":{"rendered":"<p>Politique agricole et consommation Initiatives et prises de position Protection des animaux et politique La l\u00e9gislation sur la protection des [&hellip;]<\/p>\n","protected":false},"author":5,"featured_media":0,"parent":4292,"menu_order":294,"comment_status":"closed","ping_status":"closed","template":"","meta":{"_acf_changed":false,"inline_featured_image":false,"_vp_format_video_url":"","_vp_image_focal_point":[],"footnotes":""},"class_list":["post-4575","page","type-page","status-publish","hentry"],"acf":[],"yoast_head":"<!-- This site is optimized with the Yoast SEO Premium plugin v27.4 (Yoast SEO v27.4) - https:\/\/yoast.com\/product\/yoast-seo-premium-wordpress\/ -->\n<title>Politique - Protection Suisse des Animaux PSA<\/title>\n<meta name=\"robots\" content=\"index, follow, max-snippet:-1, max-image-preview:large, max-video-preview:-1\" \/>\n<link rel=\"canonical\" href=\"https:\/\/mail.protection-animaux-psa.ch\/fr\/protection-des-animaux\/politique\/\" \/>\n<meta property=\"og:locale\" content=\"fr_FR\" \/>\n<meta property=\"og:type\" content=\"article\" \/>\n<meta property=\"og:title\" content=\"Politique\" \/>\n<meta property=\"og:description\" content=\"Politique agricole et consommation Initiatives et prises de position Protection des animaux et politique La l\u00e9gislation sur la protection des [&hellip;]\" \/>\n<meta property=\"og:url\" content=\"https:\/\/mail.protection-animaux-psa.ch\/fr\/protection-des-animaux\/politique\/\" \/>\n<meta property=\"og:site_name\" content=\"Protection Suisse des Animaux PSA\" \/>\n<meta property=\"article:publisher\" content=\"https:\/\/www.facebook.com\/schweizertierschutz\/\" \/>\n<meta property=\"article:modified_time\" content=\"2024-05-31T13:03:15+00:00\" \/>\n<meta property=\"og:image\" content=\"https:\/\/tierschutz.com\/app\/uploads\/2023\/06\/sts-politik-scaled.jpg\" \/>\n<meta name=\"twitter:card\" content=\"summary_large_image\" \/>\n<meta name=\"twitter:label1\" content=\"Dur\u00e9e de lecture estim\u00e9e\" \/>\n\t<meta name=\"twitter:data1\" content=\"3 minutes\" \/>\n<script type=\"application\/ld+json\" class=\"yoast-schema-graph\">{\"@context\":\"https:\\\/\\\/schema.org\",\"@graph\":[{\"@type\":\"WebPage\",\"@id\":\"https:\\\/\\\/mail.protection-animaux-psa.ch\\\/fr\\\/protection-des-animaux\\\/politique\\\/\",\"url\":\"https:\\\/\\\/mail.protection-animaux-psa.ch\\\/fr\\\/protection-des-animaux\\\/politique\\\/\",\"name\":\"Politique - Protection Suisse des Animaux PSA\",\"isPartOf\":{\"@id\":\"https:\\\/\\\/tierschutz.com\\\/#website\"},\"primaryImageOfPage\":{\"@id\":\"https:\\\/\\\/mail.protection-animaux-psa.ch\\\/fr\\\/protection-des-animaux\\\/politique\\\/#primaryimage\"},\"image\":{\"@id\":\"https:\\\/\\\/mail.protection-animaux-psa.ch\\\/fr\\\/protection-des-animaux\\\/politique\\\/#primaryimage\"},\"thumbnailUrl\":\"https:\\\/\\\/tierschutz.com\\\/app\\\/uploads\\\/2023\\\/06\\\/sts-politik-scaled.jpg\",\"datePublished\":\"2023-05-04T09:35:27+00:00\",\"dateModified\":\"2024-05-31T13:03:15+00:00\",\"breadcrumb\":{\"@id\":\"https:\\\/\\\/mail.protection-animaux-psa.ch\\\/fr\\\/protection-des-animaux\\\/politique\\\/#breadcrumb\"},\"inLanguage\":\"fr-FR\",\"potentialAction\":[{\"@type\":\"ReadAction\",\"target\":[\"https:\\\/\\\/mail.protection-animaux-psa.ch\\\/fr\\\/protection-des-animaux\\\/politique\\\/\"]}]},{\"@type\":\"ImageObject\",\"inLanguage\":\"fr-FR\",\"@id\":\"https:\\\/\\\/mail.protection-animaux-psa.ch\\\/fr\\\/protection-des-animaux\\\/politique\\\/#primaryimage\",\"url\":\"https:\\\/\\\/tierschutz.com\\\/app\\\/uploads\\\/2023\\\/06\\\/sts-politik-scaled.jpg\",\"contentUrl\":\"https:\\\/\\\/tierschutz.com\\\/app\\\/uploads\\\/2023\\\/06\\\/sts-politik-scaled.jpg\"},{\"@type\":\"BreadcrumbList\",\"@id\":\"https:\\\/\\\/mail.protection-animaux-psa.ch\\\/fr\\\/protection-des-animaux\\\/politique\\\/#breadcrumb\",\"itemListElement\":[{\"@type\":\"ListItem\",\"position\":1,\"name\":\"Page d\u2019accueil\",\"item\":\"https:\\\/\\\/mail.swiss-animal-protection.ch\\\/fr\\\/\"},{\"@type\":\"ListItem\",\"position\":2,\"name\":\"Protection des animaux\u00a0\",\"item\":\"https:\\\/\\\/mail.schweizer-tierschutz-sts.ch\\\/fr\\\/protection-des-animaux\\\/\"},{\"@type\":\"ListItem\",\"position\":3,\"name\":\"Politique\"}]},{\"@type\":\"WebSite\",\"@id\":\"https:\\\/\\\/tierschutz.com\\\/#website\",\"url\":\"https:\\\/\\\/tierschutz.com\\\/\",\"name\":\"tierschutz.com\",\"description\":\"Wir setzen uns f\u00fcr das Wohl der Tiere ein.\",\"publisher\":{\"@id\":\"https:\\\/\\\/tierschutz.com\\\/#organization\"},\"alternateName\":\"Schweizer Tierschutz STS\",\"potentialAction\":[{\"@type\":\"SearchAction\",\"target\":{\"@type\":\"EntryPoint\",\"urlTemplate\":\"https:\\\/\\\/tierschutz.com\\\/?s={search_term_string}\"},\"query-input\":{\"@type\":\"PropertyValueSpecification\",\"valueRequired\":true,\"valueName\":\"search_term_string\"}}],\"inLanguage\":\"fr-FR\"},{\"@type\":\"Organization\",\"@id\":\"https:\\\/\\\/tierschutz.com\\\/#organization\",\"name\":\"Schweizer Tierschutz STS\",\"alternateName\":\"STS\",\"url\":\"https:\\\/\\\/tierschutz.com\\\/\",\"logo\":{\"@type\":\"ImageObject\",\"inLanguage\":\"fr-FR\",\"@id\":\"https:\\\/\\\/tierschutz.com\\\/#\\\/schema\\\/logo\\\/image\\\/\",\"url\":\"https:\\\/\\\/mail.protection-animaux-psa.ch\\\/app\\\/uploads\\\/2024\\\/04\\\/logo-schweizer-tierschutz-sts-1.svg\",\"contentUrl\":\"https:\\\/\\\/mail.protection-animaux-psa.ch\\\/app\\\/uploads\\\/2024\\\/04\\\/logo-schweizer-tierschutz-sts-1.svg\",\"caption\":\"Schweizer Tierschutz STS\"},\"image\":{\"@id\":\"https:\\\/\\\/tierschutz.com\\\/#\\\/schema\\\/logo\\\/image\\\/\"},\"sameAs\":[\"https:\\\/\\\/www.facebook.com\\\/schweizertierschutz\\\/\",\"https:\\\/\\\/www.instagram.com\\\/schweizertierschutzsts\\\/\",\"https:\\\/\\\/www.youtube.com\\\/@STS_Tierschutz\",\"https:\\\/\\\/www.linkedin.com\\\/company\\\/schweizertierschutzsts\\\/\"],\"description\":\"Der Schweizer Tierschutz STS ist der Dachverband von 71 Tierschutzorganisationen in allen Sprachregionen der Schweiz und in Liechtenstein. Seine Mitarbeitenden leisten wissenschaftlich fundierte Grundlagenarbeit, setzen sich mit Projekten und Aktionen f\u00fcr den Schutz und das Wohlbefinden von Heim-, Wild-, Nutz- und Versuchstieren ein und sensibilisieren die \u00d6ffentlichkeit f\u00fcr Tierschutzthemen.\",\"email\":\"sts@tierschutz.com\",\"telephone\":\"061 365 99 99\",\"legalName\":\"Schweizer Tierschutz STS\"}]}<\/script>\n<!-- \/ Yoast SEO Premium plugin. -->","yoast_head_json":{"title":"Politique - Protection Suisse des Animaux PSA","robots":{"index":"index","follow":"follow","max-snippet":"max-snippet:-1","max-image-preview":"max-image-preview:large","max-video-preview":"max-video-preview:-1"},"canonical":"https:\/\/mail.protection-animaux-psa.ch\/fr\/protection-des-animaux\/politique\/","og_locale":"fr_FR","og_type":"article","og_title":"Politique","og_description":"Politique agricole et consommation Initiatives et prises de position Protection des animaux et politique La l\u00e9gislation sur la protection des [&hellip;]","og_url":"https:\/\/mail.protection-animaux-psa.ch\/fr\/protection-des-animaux\/politique\/","og_site_name":"Protection Suisse des Animaux PSA","article_publisher":"https:\/\/www.facebook.com\/schweizertierschutz\/","article_modified_time":"2024-05-31T13:03:15+00:00","og_image":[{"url":"https:\/\/tierschutz.com\/app\/uploads\/2023\/06\/sts-politik-scaled.jpg","type":"","width":"","height":""}],"twitter_card":"summary_large_image","twitter_misc":{"Dur\u00e9e de lecture estim\u00e9e":"3 minutes"},"schema":{"@context":"https:\/\/schema.org","@graph":[{"@type":"WebPage","@id":"https:\/\/mail.protection-animaux-psa.ch\/fr\/protection-des-animaux\/politique\/","url":"https:\/\/mail.protection-animaux-psa.ch\/fr\/protection-des-animaux\/politique\/","name":"Politique - Protection Suisse des Animaux PSA","isPartOf":{"@id":"https:\/\/tierschutz.com\/#website"},"primaryImageOfPage":{"@id":"https:\/\/mail.protection-animaux-psa.ch\/fr\/protection-des-animaux\/politique\/#primaryimage"},"image":{"@id":"https:\/\/mail.protection-animaux-psa.ch\/fr\/protection-des-animaux\/politique\/#primaryimage"},"thumbnailUrl":"https:\/\/tierschutz.com\/app\/uploads\/2023\/06\/sts-politik-scaled.jpg","datePublished":"2023-05-04T09:35:27+00:00","dateModified":"2024-05-31T13:03:15+00:00","breadcrumb":{"@id":"https:\/\/mail.protection-animaux-psa.ch\/fr\/protection-des-animaux\/politique\/#breadcrumb"},"inLanguage":"fr-FR","potentialAction":[{"@type":"ReadAction","target":["https:\/\/mail.protection-animaux-psa.ch\/fr\/protection-des-animaux\/politique\/"]}]},{"@type":"ImageObject","inLanguage":"fr-FR","@id":"https:\/\/mail.protection-animaux-psa.ch\/fr\/protection-des-animaux\/politique\/#primaryimage","url":"https:\/\/tierschutz.com\/app\/uploads\/2023\/06\/sts-politik-scaled.jpg","contentUrl":"https:\/\/tierschutz.com\/app\/uploads\/2023\/06\/sts-politik-scaled.jpg"},{"@type":"BreadcrumbList","@id":"https:\/\/mail.protection-animaux-psa.ch\/fr\/protection-des-animaux\/politique\/#breadcrumb","itemListElement":[{"@type":"ListItem","position":1,"name":"Page d\u2019accueil","item":"https:\/\/mail.swiss-animal-protection.ch\/fr\/"},{"@type":"ListItem","position":2,"name":"Protection des animaux\u00a0","item":"https:\/\/mail.schweizer-tierschutz-sts.ch\/fr\/protection-des-animaux\/"},{"@type":"ListItem","position":3,"name":"Politique"}]},{"@type":"WebSite","@id":"https:\/\/tierschutz.com\/#website","url":"https:\/\/tierschutz.com\/","name":"tierschutz.com","description":"Wir setzen uns f\u00fcr das Wohl der Tiere ein.","publisher":{"@id":"https:\/\/tierschutz.com\/#organization"},"alternateName":"Schweizer Tierschutz STS","potentialAction":[{"@type":"SearchAction","target":{"@type":"EntryPoint","urlTemplate":"https:\/\/tierschutz.com\/?s={search_term_string}"},"query-input":{"@type":"PropertyValueSpecification","valueRequired":true,"valueName":"search_term_string"}}],"inLanguage":"fr-FR"},{"@type":"Organization","@id":"https:\/\/tierschutz.com\/#organization","name":"Schweizer Tierschutz STS","alternateName":"STS","url":"https:\/\/tierschutz.com\/","logo":{"@type":"ImageObject","inLanguage":"fr-FR","@id":"https:\/\/tierschutz.com\/#\/schema\/logo\/image\/","url":"https:\/\/mail.protection-animaux-psa.ch\/app\/uploads\/2024\/04\/logo-schweizer-tierschutz-sts-1.svg","contentUrl":"https:\/\/mail.protection-animaux-psa.ch\/app\/uploads\/2024\/04\/logo-schweizer-tierschutz-sts-1.svg","caption":"Schweizer Tierschutz STS"},"image":{"@id":"https:\/\/tierschutz.com\/#\/schema\/logo\/image\/"},"sameAs":["https:\/\/www.facebook.com\/schweizertierschutz\/","https:\/\/www.instagram.com\/schweizertierschutzsts\/","https:\/\/www.youtube.com\/@STS_Tierschutz","https:\/\/www.linkedin.com\/company\/schweizertierschutzsts\/"],"description":"Der Schweizer Tierschutz STS ist der Dachverband von 71 Tierschutzorganisationen in allen Sprachregionen der Schweiz und in Liechtenstein. Seine Mitarbeitenden leisten wissenschaftlich fundierte Grundlagenarbeit, setzen sich mit Projekten und Aktionen f\u00fcr den Schutz und das Wohlbefinden von Heim-, Wild-, Nutz- und Versuchstieren ein und sensibilisieren die \u00d6ffentlichkeit f\u00fcr Tierschutzthemen.","email":"sts@tierschutz.com","telephone":"061 365 99 99","legalName":"Schweizer Tierschutz STS"}]}},"_links":{"self":[{"href":"https:\/\/mail.protection-animaux-psa.ch\/fr\/wp-json\/wp\/v2\/pages\/4575","targetHints":{"allow":["GET"]}}],"collection":[{"href":"https:\/\/mail.protection-animaux-psa.ch\/fr\/wp-json\/wp\/v2\/pages"}],"about":[{"href":"https:\/\/mail.protection-animaux-psa.ch\/fr\/wp-json\/wp\/v2\/types\/page"}],"author":[{"embeddable":true,"href":"https:\/\/mail.protection-animaux-psa.ch\/fr\/wp-json\/wp\/v2\/users\/5"}],"replies":[{"embeddable":true,"href":"https:\/\/mail.protection-animaux-psa.ch\/fr\/wp-json\/wp\/v2\/comments?post=4575"}],"version-history":[{"count":12,"href":"https:\/\/mail.protection-animaux-psa.ch\/fr\/wp-json\/wp\/v2\/pages\/4575\/revisions"}],"predecessor-version":[{"id":20901,"href":"https:\/\/mail.protection-animaux-psa.ch\/fr\/wp-json\/wp\/v2\/pages\/4575\/revisions\/20901"}],"up":[{"embeddable":true,"href":"https:\/\/mail.protection-animaux-psa.ch\/fr\/wp-json\/wp\/v2\/pages\/4292"}],"wp:attachment":[{"href":"https:\/\/mail.protection-animaux-psa.ch\/fr\/wp-json\/wp\/v2\/media?parent=4575"}],"curies":[{"name":"wp","href":"https:\/\/api.w.org\/{rel}","templated":true}]}}