{"id":5039,"date":"2023-05-04T11:36:26","date_gmt":"2023-05-04T09:36:26","guid":{"rendered":"https:\/\/dev.tierschutz.com\/?page_id=5039"},"modified":"2023-06-29T15:55:49","modified_gmt":"2023-06-29T13:55:49","slug":"newsroom","status":"publish","type":"page","link":"https:\/\/mail.protection-animaux-psa.ch\/fr\/multimedia-psa\/newsroom\/","title":{"rendered":"Newsroom"},"content":{"rendered":"\n<div class=\"wp-block-cover alignfull is-light\" style=\"min-height:100vh;aspect-ratio:unset;\"><span aria-hidden=\"true\" class=\"wp-block-cover__background has-background-dim-20 has-background-dim\"><\/span><img loading=\"lazy\" decoding=\"async\" width=\"1416\" height=\"910\" class=\"wp-block-cover__image-background wp-image-2452\" alt=\"Ein gr\u00fcnes Reptil auf Steinen\" src=\"https:\/\/tierschutz.com\/app\/uploads\/2023\/05\/STS-Newsroom.jpg\" style=\"object-position:51% 66%\" data-object-fit=\"cover\" data-object-position=\"51% 66%\" srcset=\"https:\/\/mail.protection-animaux-psa.ch\/app\/uploads\/2023\/05\/STS-Newsroom.jpg 1416w, https:\/\/mail.protection-animaux-psa.ch\/app\/uploads\/2023\/05\/STS-Newsroom-300x193.jpg 300w, https:\/\/mail.protection-animaux-psa.ch\/app\/uploads\/2023\/05\/STS-Newsroom-1024x658.jpg 1024w, https:\/\/mail.protection-animaux-psa.ch\/app\/uploads\/2023\/05\/STS-Newsroom-768x494.jpg 768w\" sizes=\"auto, (max-width: 1416px) 100vw, 1416px\" \/><div class=\"wp-block-cover__inner-container is-layout-flow wp-block-cover-is-layout-flow\">\n<h2 class=\"wp-block-heading has-text-align-center has-background-color has-text-color\"><strong>Newsroom<\/strong><\/h2>\n<\/div><\/div>\n\n\n\n<div class=\"wp-block-group has-background-background-color has-background is-layout-constrained wp-block-group-is-layout-constrained\"><div class=\"yoast-breadcrumbs\"><span><span><a href=\"https:\/\/mail.protection-animaux-psa.ch\/fr\/\">Page d\u2019accueil<\/a><\/span> \u00bb <span><a href=\"https:\/\/mail.schweizer-tierschutz-sts.ch\/fr\/multimedia-psa\/\">Multim\u00e9dia PSA<\/a><\/span> \u00bb <span class=\"breadcrumb_last\" aria-current=\"page\">Newsroom<\/span><\/span><\/div>\n\n\n<div class=\"wp-block-columns is-layout-flex wp-container-core-columns-is-layout-28f84493 wp-block-columns-is-layout-flex\">\n<div class=\"wp-block-column is-layout-flow wp-block-column-is-layout-flow\">\n<div class=\"wp-block-media-text alignwide is-stacked-on-mobile is-style-stacked-shadow no-inset\"><figure class=\"wp-block-media-text__media\"><img loading=\"lazy\" decoding=\"async\" width=\"1024\" height=\"683\" src=\"https:\/\/tierschutz.com\/app\/uploads\/2023\/06\/sts-news-1024x683.jpg\" alt=\"\" class=\"wp-image-6015 size-full\" srcset=\"https:\/\/mail.protection-animaux-psa.ch\/app\/uploads\/2023\/06\/sts-news-1024x683.jpg 1024w, https:\/\/mail.protection-animaux-psa.ch\/app\/uploads\/2023\/06\/sts-news-300x200.jpg 300w, https:\/\/mail.protection-animaux-psa.ch\/app\/uploads\/2023\/06\/sts-news-768x512.jpg 768w, https:\/\/mail.protection-animaux-psa.ch\/app\/uploads\/2023\/06\/sts-news-1536x1024.jpg 1536w, https:\/\/mail.protection-animaux-psa.ch\/app\/uploads\/2023\/06\/sts-news-2048x1365.jpg 2048w\" sizes=\"auto, (max-width: 1024px) 100vw, 1024px\" \/><\/figure><div class=\"wp-block-media-text__content\">\n<h3 class=\"wp-block-heading\"><strong>Actualit\u00e9s<\/strong><\/h3>\n\n\n\n<p>Restez inform\u00e9 sur la Protection Suisse des Animaux PSA. Vous en saurez plus ici.<\/p>\n\n\n\n<div class=\"wp-block-buttons is-layout-flex wp-block-buttons-is-layout-flex\">\n<div class=\"wp-block-button\"><a class=\"wp-block-button__link wp-element-button\" href=\"https:\/\/tierschutz.com\/fr\/multimedia-psa\/newsroom\/actualites\/\">En savoir plus<\/a><\/div>\n<\/div>\n<\/div><\/div>\n<\/div>\n\n\n\n<div class=\"wp-block-column is-layout-flow wp-block-column-is-layout-flow\">\n<div class=\"wp-block-media-text alignwide is-stacked-on-mobile is-style-stacked-shadow no-inset\"><figure class=\"wp-block-media-text__media\"><img loading=\"lazy\" decoding=\"async\" width=\"1024\" height=\"682\" src=\"https:\/\/tierschutz.com\/app\/uploads\/2023\/06\/sts-veranstaltung-1024x682.jpg\" alt=\"\" class=\"wp-image-6022 size-full\" srcset=\"https:\/\/mail.protection-animaux-psa.ch\/app\/uploads\/2023\/06\/sts-veranstaltung-1024x682.jpg 1024w, https:\/\/mail.protection-animaux-psa.ch\/app\/uploads\/2023\/06\/sts-veranstaltung-300x200.jpg 300w, https:\/\/mail.protection-animaux-psa.ch\/app\/uploads\/2023\/06\/sts-veranstaltung-768x512.jpg 768w, https:\/\/mail.protection-animaux-psa.ch\/app\/uploads\/2023\/06\/sts-veranstaltung-1536x1023.jpg 1536w, https:\/\/mail.protection-animaux-psa.ch\/app\/uploads\/2023\/06\/sts-veranstaltung-2048x1365.jpg 2048w\" sizes=\"auto, (max-width: 1024px) 100vw, 1024px\" \/><\/figure><div class=\"wp-block-media-text__content\">\n<h3 class=\"wp-block-heading\"><strong><strong>Manifestations<\/strong><\/strong><\/h3>\n\n\n\n<p><\/p>\n\n\n\n<div class=\"wp-block-buttons is-layout-flex wp-block-buttons-is-layout-flex\">\n<div class=\"wp-block-button\"><a class=\"wp-block-button__link wp-element-button\" href=\"https:\/\/tierschutz.com\/ueber-uns\/medien\/sts-multimedia\/newsroom\/veranstaltungen\/\">En savoir plus<\/a><\/div>\n<\/div>\n<\/div><\/div>\n<\/div>\n<\/div>\n<\/div>\n","protected":false},"excerpt":{"rendered":"<p>Actualit\u00e9s Restez inform\u00e9 sur la Protection Suisse des Animaux PSA. Vous en saurez plus ici. Manifestations<\/p>\n","protected":false},"author":5,"featured_media":0,"parent":5036,"menu_order":103,"comment_status":"closed","ping_status":"closed","template":"","meta":{"_acf_changed":false,"inline_featured_image":false,"_vp_format_video_url":"","_vp_image_focal_point":[],"footnotes":""},"class_list":["post-5039","page","type-page","status-publish","hentry"],"acf":[],"yoast_head":"<!-- This site is optimized with the Yoast SEO Premium plugin v27.4 (Yoast SEO v27.4) - https:\/\/yoast.com\/product\/yoast-seo-premium-wordpress\/ -->\n<title>Newsroom - Protection Suisse des Animaux PSA<\/title>\n<meta name=\"robots\" content=\"index, follow, max-snippet:-1, max-image-preview:large, max-video-preview:-1\" \/>\n<link rel=\"canonical\" href=\"https:\/\/mail.protection-animaux-psa.ch\/fr\/multimedia-psa\/newsroom\/\" \/>\n<meta property=\"og:locale\" content=\"fr_FR\" \/>\n<meta property=\"og:type\" content=\"article\" \/>\n<meta property=\"og:title\" content=\"Newsroom\" \/>\n<meta property=\"og:description\" content=\"Actualit\u00e9s Restez inform\u00e9 sur la Protection Suisse des Animaux PSA. Vous en saurez plus ici. Manifestations\" \/>\n<meta property=\"og:url\" content=\"https:\/\/mail.protection-animaux-psa.ch\/fr\/multimedia-psa\/newsroom\/\" \/>\n<meta property=\"og:site_name\" content=\"Protection Suisse des Animaux PSA\" \/>\n<meta property=\"article:publisher\" content=\"https:\/\/www.facebook.com\/schweizertierschutz\/\" \/>\n<meta property=\"article:modified_time\" content=\"2023-06-29T13:55:49+00:00\" \/>\n<meta property=\"og:image\" content=\"https:\/\/tierschutz.com\/app\/uploads\/2023\/05\/STS-Newsroom.jpg\" \/>\n<meta name=\"twitter:card\" content=\"summary_large_image\" \/>\n<script type=\"application\/ld+json\" class=\"yoast-schema-graph\">{\"@context\":\"https:\\\/\\\/schema.org\",\"@graph\":[{\"@type\":\"WebPage\",\"@id\":\"https:\\\/\\\/mail.protection-animaux-psa.ch\\\/fr\\\/multimedia-psa\\\/newsroom\\\/\",\"url\":\"https:\\\/\\\/mail.protection-animaux-psa.ch\\\/fr\\\/multimedia-psa\\\/newsroom\\\/\",\"name\":\"Newsroom - Protection Suisse des Animaux PSA\",\"isPartOf\":{\"@id\":\"https:\\\/\\\/mail.protection-animaux-psa.ch\\\/fr\\\/#website\"},\"primaryImageOfPage\":{\"@id\":\"https:\\\/\\\/mail.protection-animaux-psa.ch\\\/fr\\\/multimedia-psa\\\/newsroom\\\/#primaryimage\"},\"image\":{\"@id\":\"https:\\\/\\\/mail.protection-animaux-psa.ch\\\/fr\\\/multimedia-psa\\\/newsroom\\\/#primaryimage\"},\"thumbnailUrl\":\"https:\\\/\\\/tierschutz.com\\\/app\\\/uploads\\\/2023\\\/05\\\/STS-Newsroom.jpg\",\"datePublished\":\"2023-05-04T09:36:26+00:00\",\"dateModified\":\"2023-06-29T13:55:49+00:00\",\"breadcrumb\":{\"@id\":\"https:\\\/\\\/mail.protection-animaux-psa.ch\\\/fr\\\/multimedia-psa\\\/newsroom\\\/#breadcrumb\"},\"inLanguage\":\"fr-FR\",\"potentialAction\":[{\"@type\":\"ReadAction\",\"target\":[\"https:\\\/\\\/mail.protection-animaux-psa.ch\\\/fr\\\/multimedia-psa\\\/newsroom\\\/\"]}]},{\"@type\":\"ImageObject\",\"inLanguage\":\"fr-FR\",\"@id\":\"https:\\\/\\\/mail.protection-animaux-psa.ch\\\/fr\\\/multimedia-psa\\\/newsroom\\\/#primaryimage\",\"url\":\"https:\\\/\\\/tierschutz.com\\\/app\\\/uploads\\\/2023\\\/05\\\/STS-Newsroom.jpg\",\"contentUrl\":\"https:\\\/\\\/tierschutz.com\\\/app\\\/uploads\\\/2023\\\/05\\\/STS-Newsroom.jpg\"},{\"@type\":\"BreadcrumbList\",\"@id\":\"https:\\\/\\\/mail.protection-animaux-psa.ch\\\/fr\\\/multimedia-psa\\\/newsroom\\\/#breadcrumb\",\"itemListElement\":[{\"@type\":\"ListItem\",\"position\":1,\"name\":\"Page d\u2019accueil\",\"item\":\"https:\\\/\\\/mail.protection-animaux-psa.ch\\\/fr\\\/\"},{\"@type\":\"ListItem\",\"position\":2,\"name\":\"Multim\u00e9dia PSA\",\"item\":\"https:\\\/\\\/mail.schweizer-tierschutz-sts.ch\\\/fr\\\/multimedia-psa\\\/\"},{\"@type\":\"ListItem\",\"position\":3,\"name\":\"Newsroom\"}]},{\"@type\":\"WebSite\",\"@id\":\"https:\\\/\\\/mail.protection-animaux-psa.ch\\\/fr\\\/#website\",\"url\":\"https:\\\/\\\/mail.protection-animaux-psa.ch\\\/fr\\\/\",\"name\":\"tierschutz.com\",\"description\":\"Wir setzen uns f\u00fcr das Wohl der Tiere ein.\",\"publisher\":{\"@id\":\"https:\\\/\\\/mail.protection-animaux-psa.ch\\\/fr\\\/#organization\"},\"alternateName\":\"Schweizer Tierschutz STS\",\"potentialAction\":[{\"@type\":\"SearchAction\",\"target\":{\"@type\":\"EntryPoint\",\"urlTemplate\":\"https:\\\/\\\/mail.protection-animaux-psa.ch\\\/fr\\\/?s={search_term_string}\"},\"query-input\":{\"@type\":\"PropertyValueSpecification\",\"valueRequired\":true,\"valueName\":\"search_term_string\"}}],\"inLanguage\":\"fr-FR\"},{\"@type\":\"Organization\",\"@id\":\"https:\\\/\\\/mail.protection-animaux-psa.ch\\\/fr\\\/#organization\",\"name\":\"Schweizer Tierschutz STS\",\"alternateName\":\"STS\",\"url\":\"https:\\\/\\\/mail.protection-animaux-psa.ch\\\/fr\\\/\",\"logo\":{\"@type\":\"ImageObject\",\"inLanguage\":\"fr-FR\",\"@id\":\"https:\\\/\\\/mail.protection-animaux-psa.ch\\\/fr\\\/#\\\/schema\\\/logo\\\/image\\\/\",\"url\":\"https:\\\/\\\/mail.protection-animaux-psa.ch\\\/app\\\/uploads\\\/2024\\\/04\\\/logo-schweizer-tierschutz-sts-1.svg\",\"contentUrl\":\"https:\\\/\\\/mail.protection-animaux-psa.ch\\\/app\\\/uploads\\\/2024\\\/04\\\/logo-schweizer-tierschutz-sts-1.svg\",\"caption\":\"Schweizer Tierschutz STS\"},\"image\":{\"@id\":\"https:\\\/\\\/mail.protection-animaux-psa.ch\\\/fr\\\/#\\\/schema\\\/logo\\\/image\\\/\"},\"sameAs\":[\"https:\\\/\\\/www.facebook.com\\\/schweizertierschutz\\\/\",\"https:\\\/\\\/www.instagram.com\\\/schweizertierschutzsts\\\/\",\"https:\\\/\\\/www.youtube.com\\\/@STS_Tierschutz\",\"https:\\\/\\\/www.linkedin.com\\\/company\\\/schweizertierschutzsts\\\/\"],\"description\":\"Der Schweizer Tierschutz STS ist der Dachverband von 71 Tierschutzorganisationen in allen Sprachregionen der Schweiz und in Liechtenstein. Seine Mitarbeitenden leisten wissenschaftlich fundierte Grundlagenarbeit, setzen sich mit Projekten und Aktionen f\u00fcr den Schutz und das Wohlbefinden von Heim-, Wild-, Nutz- und Versuchstieren ein und sensibilisieren die \u00d6ffentlichkeit f\u00fcr Tierschutzthemen.\",\"email\":\"sts@tierschutz.com\",\"telephone\":\"061 365 99 99\",\"legalName\":\"Schweizer Tierschutz STS\"}]}<\/script>\n<!-- \/ Yoast SEO Premium plugin. -->","yoast_head_json":{"title":"Newsroom - Protection Suisse des Animaux PSA","robots":{"index":"index","follow":"follow","max-snippet":"max-snippet:-1","max-image-preview":"max-image-preview:large","max-video-preview":"max-video-preview:-1"},"canonical":"https:\/\/mail.protection-animaux-psa.ch\/fr\/multimedia-psa\/newsroom\/","og_locale":"fr_FR","og_type":"article","og_title":"Newsroom","og_description":"Actualit\u00e9s Restez inform\u00e9 sur la Protection Suisse des Animaux PSA. Vous en saurez plus ici. Manifestations","og_url":"https:\/\/mail.protection-animaux-psa.ch\/fr\/multimedia-psa\/newsroom\/","og_site_name":"Protection Suisse des Animaux PSA","article_publisher":"https:\/\/www.facebook.com\/schweizertierschutz\/","article_modified_time":"2023-06-29T13:55:49+00:00","og_image":[{"url":"https:\/\/tierschutz.com\/app\/uploads\/2023\/05\/STS-Newsroom.jpg","type":"","width":"","height":""}],"twitter_card":"summary_large_image","schema":{"@context":"https:\/\/schema.org","@graph":[{"@type":"WebPage","@id":"https:\/\/mail.protection-animaux-psa.ch\/fr\/multimedia-psa\/newsroom\/","url":"https:\/\/mail.protection-animaux-psa.ch\/fr\/multimedia-psa\/newsroom\/","name":"Newsroom - Protection Suisse des Animaux PSA","isPartOf":{"@id":"https:\/\/mail.protection-animaux-psa.ch\/fr\/#website"},"primaryImageOfPage":{"@id":"https:\/\/mail.protection-animaux-psa.ch\/fr\/multimedia-psa\/newsroom\/#primaryimage"},"image":{"@id":"https:\/\/mail.protection-animaux-psa.ch\/fr\/multimedia-psa\/newsroom\/#primaryimage"},"thumbnailUrl":"https:\/\/tierschutz.com\/app\/uploads\/2023\/05\/STS-Newsroom.jpg","datePublished":"2023-05-04T09:36:26+00:00","dateModified":"2023-06-29T13:55:49+00:00","breadcrumb":{"@id":"https:\/\/mail.protection-animaux-psa.ch\/fr\/multimedia-psa\/newsroom\/#breadcrumb"},"inLanguage":"fr-FR","potentialAction":[{"@type":"ReadAction","target":["https:\/\/mail.protection-animaux-psa.ch\/fr\/multimedia-psa\/newsroom\/"]}]},{"@type":"ImageObject","inLanguage":"fr-FR","@id":"https:\/\/mail.protection-animaux-psa.ch\/fr\/multimedia-psa\/newsroom\/#primaryimage","url":"https:\/\/tierschutz.com\/app\/uploads\/2023\/05\/STS-Newsroom.jpg","contentUrl":"https:\/\/tierschutz.com\/app\/uploads\/2023\/05\/STS-Newsroom.jpg"},{"@type":"BreadcrumbList","@id":"https:\/\/mail.protection-animaux-psa.ch\/fr\/multimedia-psa\/newsroom\/#breadcrumb","itemListElement":[{"@type":"ListItem","position":1,"name":"Page d\u2019accueil","item":"https:\/\/mail.protection-animaux-psa.ch\/fr\/"},{"@type":"ListItem","position":2,"name":"Multim\u00e9dia PSA","item":"https:\/\/mail.schweizer-tierschutz-sts.ch\/fr\/multimedia-psa\/"},{"@type":"ListItem","position":3,"name":"Newsroom"}]},{"@type":"WebSite","@id":"https:\/\/mail.protection-animaux-psa.ch\/fr\/#website","url":"https:\/\/mail.protection-animaux-psa.ch\/fr\/","name":"tierschutz.com","description":"Wir setzen uns f\u00fcr das Wohl der Tiere ein.","publisher":{"@id":"https:\/\/mail.protection-animaux-psa.ch\/fr\/#organization"},"alternateName":"Schweizer Tierschutz STS","potentialAction":[{"@type":"SearchAction","target":{"@type":"EntryPoint","urlTemplate":"https:\/\/mail.protection-animaux-psa.ch\/fr\/?s={search_term_string}"},"query-input":{"@type":"PropertyValueSpecification","valueRequired":true,"valueName":"search_term_string"}}],"inLanguage":"fr-FR"},{"@type":"Organization","@id":"https:\/\/mail.protection-animaux-psa.ch\/fr\/#organization","name":"Schweizer Tierschutz STS","alternateName":"STS","url":"https:\/\/mail.protection-animaux-psa.ch\/fr\/","logo":{"@type":"ImageObject","inLanguage":"fr-FR","@id":"https:\/\/mail.protection-animaux-psa.ch\/fr\/#\/schema\/logo\/image\/","url":"https:\/\/mail.protection-animaux-psa.ch\/app\/uploads\/2024\/04\/logo-schweizer-tierschutz-sts-1.svg","contentUrl":"https:\/\/mail.protection-animaux-psa.ch\/app\/uploads\/2024\/04\/logo-schweizer-tierschutz-sts-1.svg","caption":"Schweizer Tierschutz STS"},"image":{"@id":"https:\/\/mail.protection-animaux-psa.ch\/fr\/#\/schema\/logo\/image\/"},"sameAs":["https:\/\/www.facebook.com\/schweizertierschutz\/","https:\/\/www.instagram.com\/schweizertierschutzsts\/","https:\/\/www.youtube.com\/@STS_Tierschutz","https:\/\/www.linkedin.com\/company\/schweizertierschutzsts\/"],"description":"Der Schweizer Tierschutz STS ist der Dachverband von 71 Tierschutzorganisationen in allen Sprachregionen der Schweiz und in Liechtenstein. Seine Mitarbeitenden leisten wissenschaftlich fundierte Grundlagenarbeit, setzen sich mit Projekten und Aktionen f\u00fcr den Schutz und das Wohlbefinden von Heim-, Wild-, Nutz- und Versuchstieren ein und sensibilisieren die \u00d6ffentlichkeit f\u00fcr Tierschutzthemen.","email":"sts@tierschutz.com","telephone":"061 365 99 99","legalName":"Schweizer Tierschutz STS"}]}},"_links":{"self":[{"href":"https:\/\/mail.protection-animaux-psa.ch\/fr\/wp-json\/wp\/v2\/pages\/5039","targetHints":{"allow":["GET"]}}],"collection":[{"href":"https:\/\/mail.protection-animaux-psa.ch\/fr\/wp-json\/wp\/v2\/pages"}],"about":[{"href":"https:\/\/mail.protection-animaux-psa.ch\/fr\/wp-json\/wp\/v2\/types\/page"}],"author":[{"embeddable":true,"href":"https:\/\/mail.protection-animaux-psa.ch\/fr\/wp-json\/wp\/v2\/users\/5"}],"replies":[{"embeddable":true,"href":"https:\/\/mail.protection-animaux-psa.ch\/fr\/wp-json\/wp\/v2\/comments?post=5039"}],"version-history":[{"count":7,"href":"https:\/\/mail.protection-animaux-psa.ch\/fr\/wp-json\/wp\/v2\/pages\/5039\/revisions"}],"predecessor-version":[{"id":7355,"href":"https:\/\/mail.protection-animaux-psa.ch\/fr\/wp-json\/wp\/v2\/pages\/5039\/revisions\/7355"}],"up":[{"embeddable":true,"href":"https:\/\/mail.protection-animaux-psa.ch\/fr\/wp-json\/wp\/v2\/pages\/5036"}],"wp:attachment":[{"href":"https:\/\/mail.protection-animaux-psa.ch\/fr\/wp-json\/wp\/v2\/media?parent=5039"}],"curies":[{"name":"wp","href":"https:\/\/api.w.org\/{rel}","templated":true}]}}