{"id":5066,"date":"2023-05-04T11:35:38","date_gmt":"2023-05-04T09:35:38","guid":{"rendered":"https:\/\/dev.tierschutz.com\/?page_id=5066"},"modified":"2023-11-07T09:30:23","modified_gmt":"2023-11-07T08:30:23","slug":"conseils","status":"publish","type":"page","link":"https:\/\/mail.protection-animaux-psa.ch\/fr\/la-psa\/conseils\/","title":{"rendered":"Conseils"},"content":{"rendered":"\n<div class=\"wp-block-cover alignfull is-light\" style=\"min-height:100vh;aspect-ratio:unset;\"><span aria-hidden=\"true\" class=\"wp-block-cover__background has-background-dim-20 has-background-dim\"><\/span><img loading=\"lazy\" decoding=\"async\" width=\"2560\" height=\"1709\" class=\"wp-block-cover__image-background wp-image-12079\" alt=\"Mann der auf einer Wiese steht und ein Schaf f\u00fcttert. \" src=\"https:\/\/tierschutz.com\/app\/uploads\/2023\/11\/schweizer-tierschutz-sts-beratung.jpg\" style=\"object-position:38% 38%\" data-object-fit=\"cover\" data-object-position=\"38% 38%\" srcset=\"https:\/\/mail.protection-animaux-psa.ch\/app\/uploads\/2023\/11\/schweizer-tierschutz-sts-beratung.jpg 2560w, https:\/\/mail.protection-animaux-psa.ch\/app\/uploads\/2023\/11\/schweizer-tierschutz-sts-beratung-300x200.jpg 300w, https:\/\/mail.protection-animaux-psa.ch\/app\/uploads\/2023\/11\/schweizer-tierschutz-sts-beratung-1024x684.jpg 1024w, https:\/\/mail.protection-animaux-psa.ch\/app\/uploads\/2023\/11\/schweizer-tierschutz-sts-beratung-768x513.jpg 768w, https:\/\/mail.protection-animaux-psa.ch\/app\/uploads\/2023\/11\/schweizer-tierschutz-sts-beratung-1536x1025.jpg 1536w, https:\/\/mail.protection-animaux-psa.ch\/app\/uploads\/2023\/11\/schweizer-tierschutz-sts-beratung-2048x1367.jpg 2048w\" sizes=\"auto, (max-width: 2560px) 100vw, 2560px\" \/><div class=\"wp-block-cover__inner-container is-layout-flow wp-block-cover-is-layout-flow\">\n<h2 class=\"wp-block-heading has-text-align-center has-background-color has-text-color\"><strong><strong>Conseils<\/strong><\/strong><\/h2>\n<\/div><\/div>\n\n\n\n<div class=\"wp-block-group has-background-background-color has-background is-layout-constrained wp-block-group-is-layout-constrained\"><div class=\"yoast-breadcrumbs\"><span><span><a href=\"https:\/\/tierschutz.com\/fr\/\">Page d\u2019accueil<\/a><\/span> \u00bb <span><a href=\"https:\/\/tierschutz.com\/fr\/la-psa\/\">La PSA<\/a><\/span> \u00bb <span class=\"breadcrumb_last\" aria-current=\"page\">Conseils<\/span><\/span><\/div>\n\n\n<div class=\"wp-block-columns is-layout-flex wp-container-core-columns-is-layout-28f84493 wp-block-columns-is-layout-flex\">\n<div class=\"wp-block-column is-layout-flow wp-block-column-is-layout-flow\">\n<div class=\"wp-block-media-text alignwide is-stacked-on-mobile is-style-stacked-shadow no-inset\"><figure class=\"wp-block-media-text__media\"><img loading=\"lazy\" decoding=\"async\" width=\"1024\" height=\"658\" src=\"https:\/\/tierschutz.com\/app\/uploads\/2023\/05\/STS-Tieraerztliche-Beratungsstelle-1024x658.jpg\" alt=\"Ein Igelbaby das von einem Mensch gehalten wird und von einer Spritze gef\u00fcttert wird\" class=\"wp-image-2381 size-full\" srcset=\"https:\/\/mail.protection-animaux-psa.ch\/app\/uploads\/2023\/05\/STS-Tieraerztliche-Beratungsstelle-1024x658.jpg 1024w, https:\/\/mail.protection-animaux-psa.ch\/app\/uploads\/2023\/05\/STS-Tieraerztliche-Beratungsstelle-300x193.jpg 300w, https:\/\/mail.protection-animaux-psa.ch\/app\/uploads\/2023\/05\/STS-Tieraerztliche-Beratungsstelle-768x494.jpg 768w, https:\/\/mail.protection-animaux-psa.ch\/app\/uploads\/2023\/05\/STS-Tieraerztliche-Beratungsstelle.jpg 1416w\" sizes=\"auto, (max-width: 1024px) 100vw, 1024px\" \/><\/figure><div class=\"wp-block-media-text__content\">\n<h3 class=\"wp-block-heading\"><strong>Service de conseil v\u00e9t\u00e9rinaire<\/strong><\/h3>\n\n\n\n<p>Le service de conseil v\u00e9t\u00e9rinaire s&#8217;occupe des demandes internes et externes concernant la sant\u00e9 et la m\u00e9decine animales ainsi que le bien-\u00eatre des animaux en g\u00e9n\u00e9ral.<\/p>\n\n\n\n<div class=\"wp-block-buttons is-layout-flex wp-block-buttons-is-layout-flex\">\n<div class=\"wp-block-button\"><a class=\"wp-block-button__link wp-element-button\" href=\"https:\/\/tierschutz.com\/fr\/la-psa\/conseils\/service-de-conseil-veterinaire\/\">En savoir plus<\/a><\/div>\n<\/div>\n<\/div><\/div>\n<\/div>\n\n\n\n<div class=\"wp-block-column is-layout-flow wp-block-column-is-layout-flow\">\n<div class=\"wp-block-media-text alignwide is-stacked-on-mobile is-style-stacked-shadow no-inset\"><figure class=\"wp-block-media-text__media\"><img loading=\"lazy\" decoding=\"async\" width=\"1024\" height=\"658\" src=\"https:\/\/tierschutz.com\/app\/uploads\/2023\/05\/STS-Beratungstelle-fuer-Rechtsfragen-im-Tierschutz-1024x658.jpg\" alt=\"Ein Babyvogel in der Hand eines Menschen vor einem verschwommenen Hintergrund\" class=\"wp-image-2393 size-full\" srcset=\"https:\/\/mail.protection-animaux-psa.ch\/app\/uploads\/2023\/05\/STS-Beratungstelle-fuer-Rechtsfragen-im-Tierschutz-1024x658.jpg 1024w, https:\/\/mail.protection-animaux-psa.ch\/app\/uploads\/2023\/05\/STS-Beratungstelle-fuer-Rechtsfragen-im-Tierschutz-300x193.jpg 300w, https:\/\/mail.protection-animaux-psa.ch\/app\/uploads\/2023\/05\/STS-Beratungstelle-fuer-Rechtsfragen-im-Tierschutz-768x494.jpg 768w, https:\/\/mail.protection-animaux-psa.ch\/app\/uploads\/2023\/05\/STS-Beratungstelle-fuer-Rechtsfragen-im-Tierschutz.jpg 1416w\" sizes=\"auto, (max-width: 1024px) 100vw, 1024px\" \/><\/figure><div class=\"wp-block-media-text__content\">\n<h3 class=\"wp-block-heading\"><strong><strong>Service de conseil juridique en protection animale<\/strong><\/strong><\/h3>\n\n\n\n<p>Welche Tierrechte gelten wann und wo? Der STS ber\u00e4t Personen gerne in diversen F\u00e4llen und kl\u00e4rt auf.<\/p>\n\n\n\n<div class=\"wp-block-buttons is-layout-flex wp-block-buttons-is-layout-flex\">\n<div class=\"wp-block-button\"><a class=\"wp-block-button__link wp-element-button\" href=\"https:\/\/tierschutz.com\/fr\/la-psa\/conseils\/service-de-conseil-juridique-en-protection-animale\/\">En savoir plus<\/a><\/div>\n<\/div>\n<\/div><\/div>\n<\/div>\n<\/div>\n<\/div>\n","protected":false},"excerpt":{"rendered":"<p>Service de conseil v\u00e9t\u00e9rinaire Le service de conseil v\u00e9t\u00e9rinaire s&#8217;occupe des demandes internes et externes concernant la sant\u00e9 et la [&hellip;]<\/p>\n","protected":false},"author":5,"featured_media":0,"parent":4505,"menu_order":181,"comment_status":"closed","ping_status":"closed","template":"","meta":{"_acf_changed":false,"inline_featured_image":false,"_vp_format_video_url":"","_vp_image_focal_point":[],"footnotes":""},"class_list":["post-5066","page","type-page","status-publish","hentry"],"acf":[],"yoast_head":"<!-- This site is optimized with the Yoast SEO Premium plugin v27.4 (Yoast SEO v27.4) - https:\/\/yoast.com\/product\/yoast-seo-premium-wordpress\/ -->\n<title>Conseils - Protection Suisse des Animaux PSA<\/title>\n<meta name=\"robots\" content=\"index, follow, max-snippet:-1, max-image-preview:large, max-video-preview:-1\" \/>\n<link rel=\"canonical\" href=\"https:\/\/mail.protection-animaux-psa.ch\/fr\/la-psa\/conseils\/\" \/>\n<meta property=\"og:locale\" content=\"fr_FR\" \/>\n<meta property=\"og:type\" content=\"article\" \/>\n<meta property=\"og:title\" content=\"Conseils\" \/>\n<meta property=\"og:description\" content=\"Service de conseil v\u00e9t\u00e9rinaire Le service de conseil v\u00e9t\u00e9rinaire s&#8217;occupe des demandes internes et externes concernant la sant\u00e9 et la [&hellip;]\" \/>\n<meta property=\"og:url\" content=\"https:\/\/mail.protection-animaux-psa.ch\/fr\/la-psa\/conseils\/\" \/>\n<meta property=\"og:site_name\" content=\"Protection Suisse des Animaux PSA\" \/>\n<meta property=\"article:publisher\" content=\"https:\/\/www.facebook.com\/schweizertierschutz\/\" \/>\n<meta property=\"article:modified_time\" content=\"2023-11-07T08:30:23+00:00\" \/>\n<meta property=\"og:image\" content=\"https:\/\/tierschutz.com\/app\/uploads\/2023\/11\/schweizer-tierschutz-sts-beratung.jpg\" \/>\n<meta name=\"twitter:card\" content=\"summary_large_image\" \/>\n<meta name=\"twitter:label1\" content=\"Dur\u00e9e de lecture estim\u00e9e\" \/>\n\t<meta name=\"twitter:data1\" content=\"1 minute\" \/>\n<script type=\"application\/ld+json\" class=\"yoast-schema-graph\">{\"@context\":\"https:\\\/\\\/schema.org\",\"@graph\":[{\"@type\":\"WebPage\",\"@id\":\"https:\\\/\\\/mail.protection-animaux-psa.ch\\\/fr\\\/la-psa\\\/conseils\\\/\",\"url\":\"https:\\\/\\\/mail.protection-animaux-psa.ch\\\/fr\\\/la-psa\\\/conseils\\\/\",\"name\":\"Conseils - Protection Suisse des Animaux PSA\",\"isPartOf\":{\"@id\":\"https:\\\/\\\/tierschutz.com\\\/fr\\\/#website\"},\"primaryImageOfPage\":{\"@id\":\"https:\\\/\\\/mail.protection-animaux-psa.ch\\\/fr\\\/la-psa\\\/conseils\\\/#primaryimage\"},\"image\":{\"@id\":\"https:\\\/\\\/mail.protection-animaux-psa.ch\\\/fr\\\/la-psa\\\/conseils\\\/#primaryimage\"},\"thumbnailUrl\":\"https:\\\/\\\/tierschutz.com\\\/app\\\/uploads\\\/2023\\\/11\\\/schweizer-tierschutz-sts-beratung.jpg\",\"datePublished\":\"2023-05-04T09:35:38+00:00\",\"dateModified\":\"2023-11-07T08:30:23+00:00\",\"breadcrumb\":{\"@id\":\"https:\\\/\\\/mail.protection-animaux-psa.ch\\\/fr\\\/la-psa\\\/conseils\\\/#breadcrumb\"},\"inLanguage\":\"fr-FR\",\"potentialAction\":[{\"@type\":\"ReadAction\",\"target\":[\"https:\\\/\\\/mail.protection-animaux-psa.ch\\\/fr\\\/la-psa\\\/conseils\\\/\"]}]},{\"@type\":\"ImageObject\",\"inLanguage\":\"fr-FR\",\"@id\":\"https:\\\/\\\/mail.protection-animaux-psa.ch\\\/fr\\\/la-psa\\\/conseils\\\/#primaryimage\",\"url\":\"https:\\\/\\\/tierschutz.com\\\/app\\\/uploads\\\/2023\\\/11\\\/schweizer-tierschutz-sts-beratung.jpg\",\"contentUrl\":\"https:\\\/\\\/tierschutz.com\\\/app\\\/uploads\\\/2023\\\/11\\\/schweizer-tierschutz-sts-beratung.jpg\"},{\"@type\":\"BreadcrumbList\",\"@id\":\"https:\\\/\\\/mail.protection-animaux-psa.ch\\\/fr\\\/la-psa\\\/conseils\\\/#breadcrumb\",\"itemListElement\":[{\"@type\":\"ListItem\",\"position\":1,\"name\":\"Page d\u2019accueil\",\"item\":\"https:\\\/\\\/tierschutz.com\\\/fr\\\/\"},{\"@type\":\"ListItem\",\"position\":2,\"name\":\"La PSA\",\"item\":\"https:\\\/\\\/tierschutz.com\\\/fr\\\/la-psa\\\/\"},{\"@type\":\"ListItem\",\"position\":3,\"name\":\"Conseils\"}]},{\"@type\":\"WebSite\",\"@id\":\"https:\\\/\\\/tierschutz.com\\\/fr\\\/#website\",\"url\":\"https:\\\/\\\/tierschutz.com\\\/fr\\\/\",\"name\":\"tierschutz.com\",\"description\":\"Wir setzen uns f\u00fcr das Wohl der Tiere ein.\",\"publisher\":{\"@id\":\"https:\\\/\\\/tierschutz.com\\\/fr\\\/#organization\"},\"alternateName\":\"Schweizer Tierschutz STS\",\"potentialAction\":[{\"@type\":\"SearchAction\",\"target\":{\"@type\":\"EntryPoint\",\"urlTemplate\":\"https:\\\/\\\/tierschutz.com\\\/fr\\\/?s={search_term_string}\"},\"query-input\":{\"@type\":\"PropertyValueSpecification\",\"valueRequired\":true,\"valueName\":\"search_term_string\"}}],\"inLanguage\":\"fr-FR\"},{\"@type\":\"Organization\",\"@id\":\"https:\\\/\\\/tierschutz.com\\\/fr\\\/#organization\",\"name\":\"Schweizer Tierschutz STS\",\"alternateName\":\"STS\",\"url\":\"https:\\\/\\\/tierschutz.com\\\/fr\\\/\",\"logo\":{\"@type\":\"ImageObject\",\"inLanguage\":\"fr-FR\",\"@id\":\"https:\\\/\\\/tierschutz.com\\\/fr\\\/#\\\/schema\\\/logo\\\/image\\\/\",\"url\":\"https:\\\/\\\/mail.protection-animaux-psa.ch\\\/app\\\/uploads\\\/2024\\\/04\\\/logo-schweizer-tierschutz-sts-1.svg\",\"contentUrl\":\"https:\\\/\\\/mail.protection-animaux-psa.ch\\\/app\\\/uploads\\\/2024\\\/04\\\/logo-schweizer-tierschutz-sts-1.svg\",\"caption\":\"Schweizer Tierschutz STS\"},\"image\":{\"@id\":\"https:\\\/\\\/tierschutz.com\\\/fr\\\/#\\\/schema\\\/logo\\\/image\\\/\"},\"sameAs\":[\"https:\\\/\\\/www.facebook.com\\\/schweizertierschutz\\\/\",\"https:\\\/\\\/www.instagram.com\\\/schweizertierschutzsts\\\/\",\"https:\\\/\\\/www.youtube.com\\\/@STS_Tierschutz\",\"https:\\\/\\\/www.linkedin.com\\\/company\\\/schweizertierschutzsts\\\/\"],\"description\":\"Der Schweizer Tierschutz STS ist der Dachverband von 71 Tierschutzorganisationen in allen Sprachregionen der Schweiz und in Liechtenstein. Seine Mitarbeitenden leisten wissenschaftlich fundierte Grundlagenarbeit, setzen sich mit Projekten und Aktionen f\u00fcr den Schutz und das Wohlbefinden von Heim-, Wild-, Nutz- und Versuchstieren ein und sensibilisieren die \u00d6ffentlichkeit f\u00fcr Tierschutzthemen.\",\"email\":\"sts@tierschutz.com\",\"telephone\":\"061 365 99 99\",\"legalName\":\"Schweizer Tierschutz STS\"}]}<\/script>\n<!-- \/ Yoast SEO Premium plugin. -->","yoast_head_json":{"title":"Conseils - Protection Suisse des Animaux PSA","robots":{"index":"index","follow":"follow","max-snippet":"max-snippet:-1","max-image-preview":"max-image-preview:large","max-video-preview":"max-video-preview:-1"},"canonical":"https:\/\/mail.protection-animaux-psa.ch\/fr\/la-psa\/conseils\/","og_locale":"fr_FR","og_type":"article","og_title":"Conseils","og_description":"Service de conseil v\u00e9t\u00e9rinaire Le service de conseil v\u00e9t\u00e9rinaire s&#8217;occupe des demandes internes et externes concernant la sant\u00e9 et la [&hellip;]","og_url":"https:\/\/mail.protection-animaux-psa.ch\/fr\/la-psa\/conseils\/","og_site_name":"Protection Suisse des Animaux PSA","article_publisher":"https:\/\/www.facebook.com\/schweizertierschutz\/","article_modified_time":"2023-11-07T08:30:23+00:00","og_image":[{"url":"https:\/\/tierschutz.com\/app\/uploads\/2023\/11\/schweizer-tierschutz-sts-beratung.jpg","type":"","width":"","height":""}],"twitter_card":"summary_large_image","twitter_misc":{"Dur\u00e9e de lecture estim\u00e9e":"1 minute"},"schema":{"@context":"https:\/\/schema.org","@graph":[{"@type":"WebPage","@id":"https:\/\/mail.protection-animaux-psa.ch\/fr\/la-psa\/conseils\/","url":"https:\/\/mail.protection-animaux-psa.ch\/fr\/la-psa\/conseils\/","name":"Conseils - Protection Suisse des Animaux PSA","isPartOf":{"@id":"https:\/\/tierschutz.com\/fr\/#website"},"primaryImageOfPage":{"@id":"https:\/\/mail.protection-animaux-psa.ch\/fr\/la-psa\/conseils\/#primaryimage"},"image":{"@id":"https:\/\/mail.protection-animaux-psa.ch\/fr\/la-psa\/conseils\/#primaryimage"},"thumbnailUrl":"https:\/\/tierschutz.com\/app\/uploads\/2023\/11\/schweizer-tierschutz-sts-beratung.jpg","datePublished":"2023-05-04T09:35:38+00:00","dateModified":"2023-11-07T08:30:23+00:00","breadcrumb":{"@id":"https:\/\/mail.protection-animaux-psa.ch\/fr\/la-psa\/conseils\/#breadcrumb"},"inLanguage":"fr-FR","potentialAction":[{"@type":"ReadAction","target":["https:\/\/mail.protection-animaux-psa.ch\/fr\/la-psa\/conseils\/"]}]},{"@type":"ImageObject","inLanguage":"fr-FR","@id":"https:\/\/mail.protection-animaux-psa.ch\/fr\/la-psa\/conseils\/#primaryimage","url":"https:\/\/tierschutz.com\/app\/uploads\/2023\/11\/schweizer-tierschutz-sts-beratung.jpg","contentUrl":"https:\/\/tierschutz.com\/app\/uploads\/2023\/11\/schweizer-tierschutz-sts-beratung.jpg"},{"@type":"BreadcrumbList","@id":"https:\/\/mail.protection-animaux-psa.ch\/fr\/la-psa\/conseils\/#breadcrumb","itemListElement":[{"@type":"ListItem","position":1,"name":"Page d\u2019accueil","item":"https:\/\/tierschutz.com\/fr\/"},{"@type":"ListItem","position":2,"name":"La PSA","item":"https:\/\/tierschutz.com\/fr\/la-psa\/"},{"@type":"ListItem","position":3,"name":"Conseils"}]},{"@type":"WebSite","@id":"https:\/\/tierschutz.com\/fr\/#website","url":"https:\/\/tierschutz.com\/fr\/","name":"tierschutz.com","description":"Wir setzen uns f\u00fcr das Wohl der Tiere ein.","publisher":{"@id":"https:\/\/tierschutz.com\/fr\/#organization"},"alternateName":"Schweizer Tierschutz STS","potentialAction":[{"@type":"SearchAction","target":{"@type":"EntryPoint","urlTemplate":"https:\/\/tierschutz.com\/fr\/?s={search_term_string}"},"query-input":{"@type":"PropertyValueSpecification","valueRequired":true,"valueName":"search_term_string"}}],"inLanguage":"fr-FR"},{"@type":"Organization","@id":"https:\/\/tierschutz.com\/fr\/#organization","name":"Schweizer Tierschutz STS","alternateName":"STS","url":"https:\/\/tierschutz.com\/fr\/","logo":{"@type":"ImageObject","inLanguage":"fr-FR","@id":"https:\/\/tierschutz.com\/fr\/#\/schema\/logo\/image\/","url":"https:\/\/mail.protection-animaux-psa.ch\/app\/uploads\/2024\/04\/logo-schweizer-tierschutz-sts-1.svg","contentUrl":"https:\/\/mail.protection-animaux-psa.ch\/app\/uploads\/2024\/04\/logo-schweizer-tierschutz-sts-1.svg","caption":"Schweizer Tierschutz STS"},"image":{"@id":"https:\/\/tierschutz.com\/fr\/#\/schema\/logo\/image\/"},"sameAs":["https:\/\/www.facebook.com\/schweizertierschutz\/","https:\/\/www.instagram.com\/schweizertierschutzsts\/","https:\/\/www.youtube.com\/@STS_Tierschutz","https:\/\/www.linkedin.com\/company\/schweizertierschutzsts\/"],"description":"Der Schweizer Tierschutz STS ist der Dachverband von 71 Tierschutzorganisationen in allen Sprachregionen der Schweiz und in Liechtenstein. Seine Mitarbeitenden leisten wissenschaftlich fundierte Grundlagenarbeit, setzen sich mit Projekten und Aktionen f\u00fcr den Schutz und das Wohlbefinden von Heim-, Wild-, Nutz- und Versuchstieren ein und sensibilisieren die \u00d6ffentlichkeit f\u00fcr Tierschutzthemen.","email":"sts@tierschutz.com","telephone":"061 365 99 99","legalName":"Schweizer Tierschutz STS"}]}},"_links":{"self":[{"href":"https:\/\/mail.protection-animaux-psa.ch\/fr\/wp-json\/wp\/v2\/pages\/5066","targetHints":{"allow":["GET"]}}],"collection":[{"href":"https:\/\/mail.protection-animaux-psa.ch\/fr\/wp-json\/wp\/v2\/pages"}],"about":[{"href":"https:\/\/mail.protection-animaux-psa.ch\/fr\/wp-json\/wp\/v2\/types\/page"}],"author":[{"embeddable":true,"href":"https:\/\/mail.protection-animaux-psa.ch\/fr\/wp-json\/wp\/v2\/users\/5"}],"replies":[{"embeddable":true,"href":"https:\/\/mail.protection-animaux-psa.ch\/fr\/wp-json\/wp\/v2\/comments?post=5066"}],"version-history":[{"count":7,"href":"https:\/\/mail.protection-animaux-psa.ch\/fr\/wp-json\/wp\/v2\/pages\/5066\/revisions"}],"predecessor-version":[{"id":12180,"href":"https:\/\/mail.protection-animaux-psa.ch\/fr\/wp-json\/wp\/v2\/pages\/5066\/revisions\/12180"}],"up":[{"embeddable":true,"href":"https:\/\/mail.protection-animaux-psa.ch\/fr\/wp-json\/wp\/v2\/pages\/4505"}],"wp:attachment":[{"href":"https:\/\/mail.protection-animaux-psa.ch\/fr\/wp-json\/wp\/v2\/media?parent=5066"}],"curies":[{"name":"wp","href":"https:\/\/api.w.org\/{rel}","templated":true}]}}