{"id":5535,"date":"2023-05-04T15:29:56","date_gmt":"2023-05-04T13:29:56","guid":{"rendered":"https:\/\/dev.tierschutz.com\/?page_id=5535"},"modified":"2026-04-01T08:58:58","modified_gmt":"2026-04-01T06:58:58","slug":"compito-e-organizzazione","status":"publish","type":"page","link":"https:\/\/mail.protection-animaux-psa.ch\/it\/chi-siamo\/associazione\/compito-e-organizzazione\/","title":{"rendered":"Compito e organizzazione"},"content":{"rendered":"\n<div class=\"wp-block-cover alignfull is-light\"><img decoding=\"async\" class=\"wp-block-cover__image-background wp-image-12121\" alt=\"\" src=\"https:\/\/tierschutz.com\/app\/uploads\/2023\/11\/schweizertierschutz-erweitert.jpg\" style=\"object-position:54% 48%\" data-object-fit=\"cover\" data-object-position=\"54% 48%\"\/><span aria-hidden=\"true\" class=\"wp-block-cover__background has-background-dim-20 has-background-dim\"><\/span><div class=\"wp-block-cover__inner-container is-layout-flow wp-block-cover-is-layout-flow\">\n<h2 class=\"wp-block-heading has-text-align-center has-background-color has-text-color\" id=\"h-compito-e-organizzazione\">Compito e organizzazione<\/h2>\n<\/div><\/div>\n\n\n\n<div class=\"wp-block-group alignfull anchor-bar has-lightgray-background-color has-background is-layout-constrained wp-block-group-is-layout-constrained\">\n<div class=\"wp-block-group is-content-justification-center is-layout-flex wp-container-core-group-is-layout-b02886af wp-block-group-is-layout-flex\">\n<p class=\"has-large-font-size\"><strong><strong><a href=\"#Organisation\">Compito e organizzazione<\/a><\/strong><\/strong><\/p>\n<\/div>\n<\/div>\n\n\n\n<div class=\"wp-block-group alignfull has-background-background-color has-background is-layout-constrained wp-block-group-is-layout-constrained\" id=\"Organisation\"><div class=\"yoast-breadcrumbs\"><span><span><a href=\"https:\/\/mail.swiss-animal-protection.ch\/it\/\">Pagina iniziale<\/a><\/span> \u00bb <span><a href=\"https:\/\/tierschutz.com\/it\/chi-siamo\/\">Chi siamo<\/a><\/span> \u00bb <span><a href=\"https:\/\/tierschutz.com\/it\/chi-siamo\/associazione\/\">Associazione<\/a><\/span> \u00bb <span class=\"breadcrumb_last\" aria-current=\"page\">Compito e organizzazione<\/span><\/span><\/div>\n\n\n<h1 class=\"wp-block-heading has-text-align-center\" id=\"h-compito-e-organizzazione-0\"><strong>Compito e organizzazione<\/strong><\/h1>\n\n\n\n<hr class=\"wp-block-separator has-text-color has-primary-color has-alpha-channel-opacity has-primary-background-color has-background\"\/>\n\n\n\n<p class=\"has-text-align-center\">La Protezione Svizzera degli Animali PSA \u00e8 un&#8217;associazione mantello ed \u00e8 organizzata come associazione. L&#8217;organo supremo \u00e8 l&#8217;assemblea annuale dei delegati delle sezioni. Tra le altre cose, elegge il\/la Presidente e i membri del Comitato direttivo.<\/p>\n\n\n\n<div class=\"wp-block-group alignfull has-background-background-color has-background is-layout-constrained wp-block-group-is-layout-constrained\">\n<div class=\"wp-block-group is-layout-flex wp-block-group-is-layout-flex\">\n<div id=\"testament\" class=\"wp-block-group is-style-shadow-box has-background-background-color has-background is-layout-constrained wp-block-group-is-layout-constrained\">\n<p>La gestione operativa della PSA spetta alla direzione. Il lavoro di protezione degli animali \u00e8 svolto di 80 collaboratori negli uffici specialistici e di consulenza. Informano e consigliano i proprietari di animali, controllano le detenzioni e il trasporto di animali, i macelli, collaborano con le classi scolastiche in materia di animali e protezione degli animali e si battono costantemente per norme pi\u00f9 severe sulla protezione degli animali.&nbsp;<\/p>\n\n\n\n<p>Con azioni e campagne mirate, la PSA richiama l&#8217;attenzione sulle irregolarit\u00e0 e si batte per il benessere degli animali con progetti concreti e lavoro scientifico di base. Con attivit\u00e0 di lobbying, rappresenta gli interessi degli animali a livello federale.&nbsp;<\/p>\n<\/div>\n\n\n\n<div id=\"hilfe\" class=\"wp-block-group is-style-shadow-box has-background-background-color has-background is-layout-constrained wp-block-group-is-layout-constrained\">\n<p>La PSA non ha n\u00e9 poteri ufficiali n\u00e9 un mandato federale, n\u00e9 riceve sovvenzioni. Tuttavia, sgrava notevolmente lo Stato nell&#8217;attuazione della protezione degli animali prescritta dalla legge. Pertanto, la PSA dipende dal sostegno finanziario sotto forma di donazioni e lasciti.<\/p>\n\n\n\n<p>La sede principale e il segretariato si trovano a Basilea<\/p>\n<\/div>\n<\/div>\n<\/div>\n\n\n\n<figure data-wp-context=\"{&quot;imageId&quot;:&quot;69e221f2381a7&quot;}\" data-wp-interactive=\"core\/image\" data-wp-key=\"69e221f2381a7\" class=\"wp-block-image aligncenter size-full has-custom-border wp-lightbox-container\"><img loading=\"lazy\" decoding=\"async\" width=\"1800\" height=\"1013\" data-wp-class--hide=\"state.isContentHidden\" data-wp-class--show=\"state.isContentVisible\" data-wp-init=\"callbacks.setButtonStyles\" data-wp-on--click=\"actions.showLightbox\" data-wp-on--load=\"callbacks.setButtonStyles\" data-wp-on-window--resize=\"callbacks.setButtonStyles\" src=\"https:\/\/tierschutz.com\/app\/uploads\/2026\/04\/STS-Organigramm_032026-IT-1.png\" alt=\"Organigramma PSA\" class=\"has-border-color has-cyan-bluish-gray-border-color wp-image-36849\" style=\"border-width:1px\" srcset=\"https:\/\/mail.protection-animaux-psa.ch\/app\/uploads\/2026\/04\/STS-Organigramm_032026-IT-1.png 1800w, https:\/\/mail.protection-animaux-psa.ch\/app\/uploads\/2026\/04\/STS-Organigramm_032026-IT-1-300x169.png 300w, https:\/\/mail.protection-animaux-psa.ch\/app\/uploads\/2026\/04\/STS-Organigramm_032026-IT-1-1024x576.png 1024w, https:\/\/mail.protection-animaux-psa.ch\/app\/uploads\/2026\/04\/STS-Organigramm_032026-IT-1-768x432.png 768w, https:\/\/mail.protection-animaux-psa.ch\/app\/uploads\/2026\/04\/STS-Organigramm_032026-IT-1-1536x864.png 1536w, https:\/\/mail.protection-animaux-psa.ch\/app\/uploads\/2026\/04\/STS-Organigramm_032026-IT-1-500x281.png 500w, https:\/\/mail.protection-animaux-psa.ch\/app\/uploads\/2026\/04\/STS-Organigramm_032026-IT-1-800x450.png 800w, https:\/\/mail.protection-animaux-psa.ch\/app\/uploads\/2026\/04\/STS-Organigramm_032026-IT-1-1280x720.png 1280w\" sizes=\"auto, (max-width: 1800px) 100vw, 1800px\" \/><button\n\t\t\tclass=\"lightbox-trigger\"\n\t\t\ttype=\"button\"\n\t\t\taria-haspopup=\"dialog\"\n\t\t\taria-label=\"Ingrandisci\"\n\t\t\tdata-wp-init=\"callbacks.initTriggerButton\"\n\t\t\tdata-wp-on--click=\"actions.showLightbox\"\n\t\t\tdata-wp-style--right=\"state.imageButtonRight\"\n\t\t\tdata-wp-style--top=\"state.imageButtonTop\"\n\t\t>\n\t\t\t<svg xmlns=\"http:\/\/www.w3.org\/2000\/svg\" width=\"12\" height=\"12\" fill=\"none\" viewBox=\"0 0 12 12\">\n\t\t\t\t<path fill=\"#fff\" d=\"M2 0a2 2 0 0 0-2 2v2h1.5V2a.5.5 0 0 1 .5-.5h2V0H2Zm2 10.5H2a.5.5 0 0 1-.5-.5V8H0v2a2 2 0 0 0 2 2h2v-1.5ZM8 12v-1.5h2a.5.5 0 0 0 .5-.5V8H12v2a2 2 0 0 1-2 2H8Zm2-12a2 2 0 0 1 2 2v2h-1.5V2a.5.5 0 0 0-.5-.5H8V0h2Z\" \/>\n\t\t\t<\/svg>\n\t\t<\/button><\/figure>\n\n\n\n<div class=\"wp-block-group alignfull has-background-background-color has-background is-layout-constrained wp-block-group-is-layout-constrained\">\n<div class=\"wp-block-group is-content-justification-center is-layout-flex wp-container-core-group-is-layout-b02886af wp-block-group-is-layout-flex\"><div class=\"wp-block-file-wrapper is-pdf\" data-filetype=\"PDF\" data-size=\"62 KB\">\n<div class=\"wp-block-file aligncenter\"><a id=\"wp-block-file--media-b766d211-7d56-43f4-8fdf-521ff1181c2d\" href=\"https:\/\/tierschutz.com\/app\/uploads\/2026\/04\/STS-Organigramm_032026-IT-1.pdf\">Organigramma PSA<\/a><a href=\"https:\/\/tierschutz.com\/app\/uploads\/2026\/04\/STS-Organigramm_032026-IT-1.pdf\" class=\"wp-block-file__button wp-element-button\" download aria-describedby=\"wp-block-file--media-b766d211-7d56-43f4-8fdf-521ff1181c2d\">Scaricare<\/a><\/div>\n<\/div>\n\n<div class=\"wp-block-file-wrapper is-pdf\" data-filetype=\"PDF\" data-size=\"246 KB\">\n<div class=\"wp-block-file aligncenter\"><a id=\"wp-block-file--media-8e1981da-b270-4897-bd74-03d13f34417c\" href=\"https:\/\/tierschutz.com\/app\/uploads\/2025\/05\/Statuto-15.3.2025.pdf\">Statuto<\/a><a href=\"https:\/\/tierschutz.com\/app\/uploads\/2025\/05\/Statuto-15.3.2025.pdf\" class=\"wp-block-file__button wp-element-button\" download aria-describedby=\"wp-block-file--media-8e1981da-b270-4897-bd74-03d13f34417c\">Scaricare<\/a><\/div>\n<\/div><\/div>\n<\/div>\n<\/div>\n","protected":false},"excerpt":{"rendered":"<p>Compito e organizzazione Compito e organizzazione La Protezione Svizzera degli Animali PSA \u00e8 un&#8217;associazione mantello ed \u00e8 organizzata come associazione. [&hellip;]<\/p>\n","protected":false},"author":5,"featured_media":0,"parent":5512,"menu_order":232,"comment_status":"closed","ping_status":"closed","template":"","meta":{"_acf_changed":false,"inline_featured_image":false,"_vp_format_video_url":"","_vp_image_focal_point":[],"footnotes":""},"class_list":["post-5535","page","type-page","status-publish","hentry"],"acf":[],"yoast_head":"<!-- This site is optimized with the Yoast SEO Premium plugin v27.4 (Yoast SEO v27.4) - https:\/\/yoast.com\/product\/yoast-seo-premium-wordpress\/ -->\n<title>Compito e organizzazione - Protezione Svizzera degli Animali PSA<\/title>\n<meta name=\"robots\" content=\"index, follow, max-snippet:-1, max-image-preview:large, max-video-preview:-1\" \/>\n<link rel=\"canonical\" href=\"https:\/\/mail.protection-animaux-psa.ch\/it\/chi-siamo\/associazione\/compito-e-organizzazione\/\" \/>\n<meta property=\"og:locale\" content=\"it_IT\" \/>\n<meta property=\"og:type\" content=\"article\" \/>\n<meta property=\"og:title\" content=\"Compito e organizzazione\" \/>\n<meta property=\"og:description\" content=\"Compito e organizzazione Compito e organizzazione La Protezione Svizzera degli Animali PSA \u00e8 un&#8217;associazione mantello ed \u00e8 organizzata come associazione. [&hellip;]\" \/>\n<meta property=\"og:url\" content=\"https:\/\/mail.protection-animaux-psa.ch\/it\/chi-siamo\/associazione\/compito-e-organizzazione\/\" \/>\n<meta property=\"og:site_name\" content=\"Protezione Svizzera degli Animali PSA\" \/>\n<meta property=\"article:publisher\" content=\"https:\/\/www.facebook.com\/schweizertierschutz\/\" \/>\n<meta property=\"article:modified_time\" content=\"2026-04-01T06:58:58+00:00\" \/>\n<meta property=\"og:image\" content=\"https:\/\/tierschutz.com\/app\/uploads\/2023\/11\/schweizertierschutz-erweitert.jpg\" \/>\n<meta name=\"twitter:card\" content=\"summary_large_image\" \/>\n<meta name=\"twitter:label1\" content=\"Tempo di lettura stimato\" \/>\n\t<meta name=\"twitter:data1\" content=\"2 minuti\" \/>\n<script type=\"application\/ld+json\" class=\"yoast-schema-graph\">{\"@context\":\"https:\\\/\\\/schema.org\",\"@graph\":[{\"@type\":\"WebPage\",\"@id\":\"https:\\\/\\\/mail.protection-animaux-psa.ch\\\/it\\\/chi-siamo\\\/associazione\\\/compito-e-organizzazione\\\/\",\"url\":\"https:\\\/\\\/mail.protection-animaux-psa.ch\\\/it\\\/chi-siamo\\\/associazione\\\/compito-e-organizzazione\\\/\",\"name\":\"Compito e organizzazione - Protezione Svizzera degli Animali PSA\",\"isPartOf\":{\"@id\":\"https:\\\/\\\/sts-psa.ch\\\/fr\\\/#website\"},\"primaryImageOfPage\":{\"@id\":\"https:\\\/\\\/mail.protection-animaux-psa.ch\\\/it\\\/chi-siamo\\\/associazione\\\/compito-e-organizzazione\\\/#primaryimage\"},\"image\":{\"@id\":\"https:\\\/\\\/mail.protection-animaux-psa.ch\\\/it\\\/chi-siamo\\\/associazione\\\/compito-e-organizzazione\\\/#primaryimage\"},\"thumbnailUrl\":\"https:\\\/\\\/tierschutz.com\\\/app\\\/uploads\\\/2023\\\/11\\\/schweizertierschutz-erweitert.jpg\",\"datePublished\":\"2023-05-04T13:29:56+00:00\",\"dateModified\":\"2026-04-01T06:58:58+00:00\",\"breadcrumb\":{\"@id\":\"https:\\\/\\\/mail.protection-animaux-psa.ch\\\/it\\\/chi-siamo\\\/associazione\\\/compito-e-organizzazione\\\/#breadcrumb\"},\"inLanguage\":\"it-IT\",\"potentialAction\":[{\"@type\":\"ReadAction\",\"target\":[\"https:\\\/\\\/mail.protection-animaux-psa.ch\\\/it\\\/chi-siamo\\\/associazione\\\/compito-e-organizzazione\\\/\"]}]},{\"@type\":\"ImageObject\",\"inLanguage\":\"it-IT\",\"@id\":\"https:\\\/\\\/mail.protection-animaux-psa.ch\\\/it\\\/chi-siamo\\\/associazione\\\/compito-e-organizzazione\\\/#primaryimage\",\"url\":\"https:\\\/\\\/tierschutz.com\\\/app\\\/uploads\\\/2023\\\/11\\\/schweizertierschutz-erweitert.jpg\",\"contentUrl\":\"https:\\\/\\\/tierschutz.com\\\/app\\\/uploads\\\/2023\\\/11\\\/schweizertierschutz-erweitert.jpg\"},{\"@type\":\"BreadcrumbList\",\"@id\":\"https:\\\/\\\/mail.protection-animaux-psa.ch\\\/it\\\/chi-siamo\\\/associazione\\\/compito-e-organizzazione\\\/#breadcrumb\",\"itemListElement\":[{\"@type\":\"ListItem\",\"position\":1,\"name\":\"Pagina iniziale\",\"item\":\"https:\\\/\\\/mail.swiss-animal-protection.ch\\\/it\\\/\"},{\"@type\":\"ListItem\",\"position\":2,\"name\":\"Chi siamo\",\"item\":\"https:\\\/\\\/tierschutz.com\\\/it\\\/chi-siamo\\\/\"},{\"@type\":\"ListItem\",\"position\":3,\"name\":\"Associazione\",\"item\":\"https:\\\/\\\/tierschutz.com\\\/it\\\/chi-siamo\\\/associazione\\\/\"},{\"@type\":\"ListItem\",\"position\":4,\"name\":\"Compito e organizzazione\"}]},{\"@type\":\"WebSite\",\"@id\":\"https:\\\/\\\/sts-psa.ch\\\/fr\\\/#website\",\"url\":\"https:\\\/\\\/sts-psa.ch\\\/fr\\\/\",\"name\":\"tierschutz.com\",\"description\":\"Wir setzen uns f\u00fcr das Wohl der Tiere ein.\",\"publisher\":{\"@id\":\"https:\\\/\\\/sts-psa.ch\\\/fr\\\/#organization\"},\"alternateName\":\"Schweizer Tierschutz STS\",\"potentialAction\":[{\"@type\":\"SearchAction\",\"target\":{\"@type\":\"EntryPoint\",\"urlTemplate\":\"https:\\\/\\\/sts-psa.ch\\\/fr\\\/?s={search_term_string}\"},\"query-input\":{\"@type\":\"PropertyValueSpecification\",\"valueRequired\":true,\"valueName\":\"search_term_string\"}}],\"inLanguage\":\"it-IT\"},{\"@type\":\"Organization\",\"@id\":\"https:\\\/\\\/sts-psa.ch\\\/fr\\\/#organization\",\"name\":\"Schweizer Tierschutz STS\",\"alternateName\":\"STS\",\"url\":\"https:\\\/\\\/sts-psa.ch\\\/fr\\\/\",\"logo\":{\"@type\":\"ImageObject\",\"inLanguage\":\"it-IT\",\"@id\":\"https:\\\/\\\/sts-psa.ch\\\/fr\\\/#\\\/schema\\\/logo\\\/image\\\/\",\"url\":\"https:\\\/\\\/mail.protection-animaux-psa.ch\\\/app\\\/uploads\\\/2024\\\/04\\\/logo-schweizer-tierschutz-sts-1.svg\",\"contentUrl\":\"https:\\\/\\\/mail.protection-animaux-psa.ch\\\/app\\\/uploads\\\/2024\\\/04\\\/logo-schweizer-tierschutz-sts-1.svg\",\"caption\":\"Schweizer Tierschutz STS\"},\"image\":{\"@id\":\"https:\\\/\\\/sts-psa.ch\\\/fr\\\/#\\\/schema\\\/logo\\\/image\\\/\"},\"sameAs\":[\"https:\\\/\\\/www.facebook.com\\\/schweizertierschutz\\\/\",\"https:\\\/\\\/www.instagram.com\\\/schweizertierschutzsts\\\/\",\"https:\\\/\\\/www.youtube.com\\\/@STS_Tierschutz\",\"https:\\\/\\\/www.linkedin.com\\\/company\\\/schweizertierschutzsts\\\/\"],\"description\":\"Der Schweizer Tierschutz STS ist der Dachverband von 71 Tierschutzorganisationen in allen Sprachregionen der Schweiz und in Liechtenstein. Seine Mitarbeitenden leisten wissenschaftlich fundierte Grundlagenarbeit, setzen sich mit Projekten und Aktionen f\u00fcr den Schutz und das Wohlbefinden von Heim-, Wild-, Nutz- und Versuchstieren ein und sensibilisieren die \u00d6ffentlichkeit f\u00fcr Tierschutzthemen.\",\"email\":\"sts@tierschutz.com\",\"telephone\":\"061 365 99 99\",\"legalName\":\"Schweizer Tierschutz STS\"}]}<\/script>\n<!-- \/ Yoast SEO Premium plugin. -->","yoast_head_json":{"title":"Compito e organizzazione - Protezione Svizzera degli Animali PSA","robots":{"index":"index","follow":"follow","max-snippet":"max-snippet:-1","max-image-preview":"max-image-preview:large","max-video-preview":"max-video-preview:-1"},"canonical":"https:\/\/mail.protection-animaux-psa.ch\/it\/chi-siamo\/associazione\/compito-e-organizzazione\/","og_locale":"it_IT","og_type":"article","og_title":"Compito e organizzazione","og_description":"Compito e organizzazione Compito e organizzazione La Protezione Svizzera degli Animali PSA \u00e8 un&#8217;associazione mantello ed \u00e8 organizzata come associazione. [&hellip;]","og_url":"https:\/\/mail.protection-animaux-psa.ch\/it\/chi-siamo\/associazione\/compito-e-organizzazione\/","og_site_name":"Protezione Svizzera degli Animali PSA","article_publisher":"https:\/\/www.facebook.com\/schweizertierschutz\/","article_modified_time":"2026-04-01T06:58:58+00:00","og_image":[{"url":"https:\/\/tierschutz.com\/app\/uploads\/2023\/11\/schweizertierschutz-erweitert.jpg","type":"","width":"","height":""}],"twitter_card":"summary_large_image","twitter_misc":{"Tempo di lettura stimato":"2 minuti"},"schema":{"@context":"https:\/\/schema.org","@graph":[{"@type":"WebPage","@id":"https:\/\/mail.protection-animaux-psa.ch\/it\/chi-siamo\/associazione\/compito-e-organizzazione\/","url":"https:\/\/mail.protection-animaux-psa.ch\/it\/chi-siamo\/associazione\/compito-e-organizzazione\/","name":"Compito e organizzazione - Protezione Svizzera degli Animali PSA","isPartOf":{"@id":"https:\/\/sts-psa.ch\/fr\/#website"},"primaryImageOfPage":{"@id":"https:\/\/mail.protection-animaux-psa.ch\/it\/chi-siamo\/associazione\/compito-e-organizzazione\/#primaryimage"},"image":{"@id":"https:\/\/mail.protection-animaux-psa.ch\/it\/chi-siamo\/associazione\/compito-e-organizzazione\/#primaryimage"},"thumbnailUrl":"https:\/\/tierschutz.com\/app\/uploads\/2023\/11\/schweizertierschutz-erweitert.jpg","datePublished":"2023-05-04T13:29:56+00:00","dateModified":"2026-04-01T06:58:58+00:00","breadcrumb":{"@id":"https:\/\/mail.protection-animaux-psa.ch\/it\/chi-siamo\/associazione\/compito-e-organizzazione\/#breadcrumb"},"inLanguage":"it-IT","potentialAction":[{"@type":"ReadAction","target":["https:\/\/mail.protection-animaux-psa.ch\/it\/chi-siamo\/associazione\/compito-e-organizzazione\/"]}]},{"@type":"ImageObject","inLanguage":"it-IT","@id":"https:\/\/mail.protection-animaux-psa.ch\/it\/chi-siamo\/associazione\/compito-e-organizzazione\/#primaryimage","url":"https:\/\/tierschutz.com\/app\/uploads\/2023\/11\/schweizertierschutz-erweitert.jpg","contentUrl":"https:\/\/tierschutz.com\/app\/uploads\/2023\/11\/schweizertierschutz-erweitert.jpg"},{"@type":"BreadcrumbList","@id":"https:\/\/mail.protection-animaux-psa.ch\/it\/chi-siamo\/associazione\/compito-e-organizzazione\/#breadcrumb","itemListElement":[{"@type":"ListItem","position":1,"name":"Pagina iniziale","item":"https:\/\/mail.swiss-animal-protection.ch\/it\/"},{"@type":"ListItem","position":2,"name":"Chi siamo","item":"https:\/\/tierschutz.com\/it\/chi-siamo\/"},{"@type":"ListItem","position":3,"name":"Associazione","item":"https:\/\/tierschutz.com\/it\/chi-siamo\/associazione\/"},{"@type":"ListItem","position":4,"name":"Compito e organizzazione"}]},{"@type":"WebSite","@id":"https:\/\/sts-psa.ch\/fr\/#website","url":"https:\/\/sts-psa.ch\/fr\/","name":"tierschutz.com","description":"Wir setzen uns f\u00fcr das Wohl der Tiere ein.","publisher":{"@id":"https:\/\/sts-psa.ch\/fr\/#organization"},"alternateName":"Schweizer Tierschutz STS","potentialAction":[{"@type":"SearchAction","target":{"@type":"EntryPoint","urlTemplate":"https:\/\/sts-psa.ch\/fr\/?s={search_term_string}"},"query-input":{"@type":"PropertyValueSpecification","valueRequired":true,"valueName":"search_term_string"}}],"inLanguage":"it-IT"},{"@type":"Organization","@id":"https:\/\/sts-psa.ch\/fr\/#organization","name":"Schweizer Tierschutz STS","alternateName":"STS","url":"https:\/\/sts-psa.ch\/fr\/","logo":{"@type":"ImageObject","inLanguage":"it-IT","@id":"https:\/\/sts-psa.ch\/fr\/#\/schema\/logo\/image\/","url":"https:\/\/mail.protection-animaux-psa.ch\/app\/uploads\/2024\/04\/logo-schweizer-tierschutz-sts-1.svg","contentUrl":"https:\/\/mail.protection-animaux-psa.ch\/app\/uploads\/2024\/04\/logo-schweizer-tierschutz-sts-1.svg","caption":"Schweizer Tierschutz STS"},"image":{"@id":"https:\/\/sts-psa.ch\/fr\/#\/schema\/logo\/image\/"},"sameAs":["https:\/\/www.facebook.com\/schweizertierschutz\/","https:\/\/www.instagram.com\/schweizertierschutzsts\/","https:\/\/www.youtube.com\/@STS_Tierschutz","https:\/\/www.linkedin.com\/company\/schweizertierschutzsts\/"],"description":"Der Schweizer Tierschutz STS ist der Dachverband von 71 Tierschutzorganisationen in allen Sprachregionen der Schweiz und in Liechtenstein. Seine Mitarbeitenden leisten wissenschaftlich fundierte Grundlagenarbeit, setzen sich mit Projekten und Aktionen f\u00fcr den Schutz und das Wohlbefinden von Heim-, Wild-, Nutz- und Versuchstieren ein und sensibilisieren die \u00d6ffentlichkeit f\u00fcr Tierschutzthemen.","email":"sts@tierschutz.com","telephone":"061 365 99 99","legalName":"Schweizer Tierschutz STS"}]}},"_links":{"self":[{"href":"https:\/\/mail.protection-animaux-psa.ch\/it\/wp-json\/wp\/v2\/pages\/5535","targetHints":{"allow":["GET"]}}],"collection":[{"href":"https:\/\/mail.protection-animaux-psa.ch\/it\/wp-json\/wp\/v2\/pages"}],"about":[{"href":"https:\/\/mail.protection-animaux-psa.ch\/it\/wp-json\/wp\/v2\/types\/page"}],"author":[{"embeddable":true,"href":"https:\/\/mail.protection-animaux-psa.ch\/it\/wp-json\/wp\/v2\/users\/5"}],"replies":[{"embeddable":true,"href":"https:\/\/mail.protection-animaux-psa.ch\/it\/wp-json\/wp\/v2\/comments?post=5535"}],"version-history":[{"count":24,"href":"https:\/\/mail.protection-animaux-psa.ch\/it\/wp-json\/wp\/v2\/pages\/5535\/revisions"}],"predecessor-version":[{"id":36856,"href":"https:\/\/mail.protection-animaux-psa.ch\/it\/wp-json\/wp\/v2\/pages\/5535\/revisions\/36856"}],"up":[{"embeddable":true,"href":"https:\/\/mail.protection-animaux-psa.ch\/it\/wp-json\/wp\/v2\/pages\/5512"}],"wp:attachment":[{"href":"https:\/\/mail.protection-animaux-psa.ch\/it\/wp-json\/wp\/v2\/media?parent=5535"}],"curies":[{"name":"wp","href":"https:\/\/api.w.org\/{rel}","templated":true}]}}