{"id":7040,"date":"2023-05-04T11:35:27","date_gmt":"2023-05-04T09:35:27","guid":{"rendered":"https:\/\/dev.tierschutz.com\/?page_id=7040"},"modified":"2024-05-31T15:39:34","modified_gmt":"2024-05-31T13:39:34","slug":"politica","status":"publish","type":"page","link":"https:\/\/mail.protection-animaux-psa.ch\/it\/protezione-degli-animali\/politica\/","title":{"rendered":"Politica"},"content":{"rendered":"\n<div class=\"wp-block-cover alignfull is-light\" style=\"min-height:100vh;aspect-ratio:unset;\"><span aria-hidden=\"true\" class=\"wp-block-cover__background has-background-dim-20 has-background-dim\"><\/span><img loading=\"lazy\" decoding=\"async\" width=\"2560\" height=\"1707\" class=\"wp-block-cover__image-background wp-image-6260\" alt=\"Schweizer Matterhorn mit Schweizerfahne im Vordergrund.\" src=\"https:\/\/tierschutz.com\/app\/uploads\/2023\/06\/sts-politik-scaled.jpg\" style=\"object-position:54% 59%\" data-object-fit=\"cover\" data-object-position=\"54% 59%\" srcset=\"https:\/\/mail.protection-animaux-psa.ch\/app\/uploads\/2023\/06\/sts-politik-scaled.jpg 2560w, https:\/\/mail.protection-animaux-psa.ch\/app\/uploads\/2023\/06\/sts-politik-300x200.jpg 300w, https:\/\/mail.protection-animaux-psa.ch\/app\/uploads\/2023\/06\/sts-politik-1024x683.jpg 1024w, https:\/\/mail.protection-animaux-psa.ch\/app\/uploads\/2023\/06\/sts-politik-768x512.jpg 768w, https:\/\/mail.protection-animaux-psa.ch\/app\/uploads\/2023\/06\/sts-politik-1536x1024.jpg 1536w, https:\/\/mail.protection-animaux-psa.ch\/app\/uploads\/2023\/06\/sts-politik-2048x1365.jpg 2048w\" sizes=\"auto, (max-width: 2560px) 100vw, 2560px\" \/><div class=\"wp-block-cover__inner-container is-layout-flow wp-block-cover-is-layout-flow\">\n<h2 class=\"wp-block-heading has-text-align-center has-background-color has-text-color\"><strong><strong>Politica<\/strong><\/strong><\/h2>\n<\/div><\/div>\n\n\n\n<div class=\"wp-block-group alignfull anchor-bar has-lightgray-background-color has-background is-layout-constrained wp-block-group-is-layout-constrained\">\n<div class=\"wp-block-group is-content-justification-center is-layout-flex wp-container-core-group-is-layout-b02886af wp-block-group-is-layout-flex\">\n<p class=\"has-large-font-size\"><strong><a href=\"#agrarpolitik\">Politica agraria e consumo<\/a><\/strong><\/p>\n\n\n\n<p class=\"has-large-font-size\"><strong><a href=\"#agrarpolitik\"><strong><strong>Votazioni e prese di posizione<\/strong><\/strong><\/a><\/strong><\/p>\n<\/div>\n<\/div>\n\n\n\n<div class=\"wp-block-group alignfull has-background-background-color has-background is-layout-constrained wp-block-group-is-layout-constrained\" id=\"derhund\"><div class=\"yoast-breadcrumbs\"><span><span><a href=\"https:\/\/tierschutz.com\/it\/\">Pagina iniziale<\/a><\/span> \u00bb <span><a href=\"https:\/\/tierschutz.com\/it\/protezione-degli-animali\/\">Protezione degli animali<\/a><\/span> \u00bb <span class=\"breadcrumb_last\" aria-current=\"page\">Politica<\/span><\/span><\/div>\n\n\n<h1 class=\"wp-block-heading has-text-align-center\"><strong><strong><strong>Protezione degli animali e politica<\/strong><\/strong><\/strong><\/h1>\n\n\n\n<hr class=\"wp-block-separator has-text-color has-primary-color has-alpha-channel-opacity has-primary-background-color has-background\"\/>\n\n\n\n<p>La legislazione sulla protezione degli animali definisce le condizioni quadro e i requisiti minimi applicabili per tutti.&nbsp;In Svizzera purtroppo ci sono ancora grandi lacune.&nbsp;La tutela degli animali non \u00e8 comunque una priorit\u00e0 nell\u2019agenda politica.<\/p>\n\n\n\n<p>Per questo motivo, oltre alle campagne di sensibilizzazione che organizza, la PSA si impegna costantemente a migliorare la legislazione sulla protezione degli animali.<\/p>\n\n\n\n<p>La Legge sulla protezione degli animali e la Legge sull\u2019agricoltura sono questioni federali.\u00a0\u00c8 possibile influenzarle attraverso la politica e le autorit\u00e0 e per questo motivo la PSA fornisce supporto tecnico ai politici negli interventi parlamentari.\u00a0La PSA gestisce inoltre la segreteria del <a href=\"https:\/\/tierschutz.com\/it\/protezione-degli-animali\/politica\/parlamentarische-gruppe-tierschutz\/\">Gruppo parlamentare per la protezione degli animali<\/a> presso il Palazzo federale.<\/p>\n\n\n\n<p>Per potenziare la sua efficacia, \u00e8 rappresentata in gruppi di lavoro e commissioni e avvia collaborazioni con altre organizzazioni o stringe alleanze. In virt\u00f9 della stretta connessione che esiste tra politica ed economia, il suo lavoro non si limita alla politica in senso stretto.&nbsp;La PSA agisce con competenza anche negli ambiti settoriali contigui e intrattiene regolarmente scambi critici e costruttivi con i rappresentanti del settore.<\/p>\n\n\n\n<p>A livello cantonale sostiene le richieste delle 71 sezioni della Svizzera e del Liechtenstein oppure si concentra su singole iniziative.&nbsp;A livello internazionale la PSA opera attivamente come membro dell\u2019\u00ab<a href=\"https:\/\/www.eurogroupforanimals.org\" target=\"_blank\" rel=\"noreferrer noopener\">Eurogroup for Animals<\/a>\u00bb, che si impegna a livello europeo per la protezione degli animali.Grazie alla sua indipendenza politica e alle sue competenze approfondite, la Protezione Svizzera degli Animali PSA \u00e8 percepita dalle autorit\u00e0, dagli esponenti parlamentari e dai rappresentanti del settore come un partner competente e credibile.<\/p>\n<\/div>\n\n\n\n<div class=\"wp-block-group has-background-background-color has-background is-layout-constrained wp-block-group-is-layout-constrained\">\n<div class=\"wp-block-columns is-layout-flex wp-container-core-columns-is-layout-28f84493 wp-block-columns-is-layout-flex\" id=\"agrarpolitik\">\n<div class=\"wp-block-column is-layout-flow wp-block-column-is-layout-flow\">\n<div class=\"wp-block-media-text alignwide is-stacked-on-mobile is-style-stacked-shadow no-inset\"><figure class=\"wp-block-media-text__media\"><img decoding=\"async\" src=\"https:\/\/tierschutz.com\/app\/uploads\/2023\/06\/sts-agrarpolitik-1024x681.jpg\" alt=\"\" class=\"wp-image-5810 size-full\"\/><\/figure><div class=\"wp-block-media-text__content\">\n<h3 class=\"wp-block-heading\"><strong>Politica agraria e consumo<\/strong><\/h3>\n\n\n\n<p>Dopo la sospensione della politica agricola AP22+, il Consiglio federale ha pubblicato due anni dopo un rapporto che illustra come intende orientare la politica agricola a breve e lungo termine.<\/p>\n\n\n\n<div class=\"wp-block-buttons is-layout-flex wp-block-buttons-is-layout-flex\">\n<div class=\"wp-block-button\"><a class=\"wp-block-button__link wp-element-button\" href=\"https:\/\/tierschutz.com\/it\/protezione-degli-animali\/politica\/politica-agricola-e-consumo\/\">Per saperne di pi\u00f9<\/a><\/div>\n<\/div>\n<\/div><\/div>\n\n\n\n<div class=\"wp-block-media-text alignwide is-stacked-on-mobile is-style-stacked-shadow no-inset\"><figure class=\"wp-block-media-text__media\"><img loading=\"lazy\" decoding=\"async\" width=\"1024\" height=\"437\" src=\"https:\/\/tierschutz.com\/app\/uploads\/2023\/11\/Bundeshaus-1024x437.png\" alt=\"\" class=\"wp-image-13102 size-full\" srcset=\"https:\/\/mail.protection-animaux-psa.ch\/app\/uploads\/2023\/11\/Bundeshaus-1024x437.png 1024w, https:\/\/mail.protection-animaux-psa.ch\/app\/uploads\/2023\/11\/Bundeshaus-300x128.png 300w, https:\/\/mail.protection-animaux-psa.ch\/app\/uploads\/2023\/11\/Bundeshaus-768x328.png 768w, https:\/\/mail.protection-animaux-psa.ch\/app\/uploads\/2023\/11\/Bundeshaus.png 1034w\" sizes=\"auto, (max-width: 1024px) 100vw, 1024px\" \/><\/figure><div class=\"wp-block-media-text__content\">\n<h3 class=\"wp-block-heading\"><strong>Gruppo parlamentare per la protezione <\/strong><br><strong>degli animali<\/strong><\/h3>\n\n\n\n<p>I parlamentari federali possono iscriversi al gruppo parlamentare per la protezione degli animali qui.<\/p>\n\n\n\n<div class=\"wp-block-buttons is-layout-flex wp-block-buttons-is-layout-flex\">\n<div class=\"wp-block-button\"><a class=\"wp-block-button__link wp-element-button\" href=\"https:\/\/tierschutz.com\/it\/protezione-degli-animali\/politica\/parlamentarische-gruppe-tierschutz\/\">Per saperne di pi\u00f9<\/a><\/div>\n<\/div>\n<\/div><\/div>\n<\/div>\n\n\n\n<div class=\"wp-block-column is-layout-flow wp-block-column-is-layout-flow\">\n<div class=\"wp-block-media-text alignwide is-stacked-on-mobile is-style-stacked-shadow no-inset\"><figure class=\"wp-block-media-text__media\"><img loading=\"lazy\" decoding=\"async\" width=\"1024\" height=\"658\" src=\"https:\/\/tierschutz.com\/app\/uploads\/2023\/05\/STS-Abstimungen-1024x658.jpg\" alt=\"Ein Wolf der seinen Kopf auf einem Stock gelegt hat\" class=\"wp-image-2387 size-full\" srcset=\"https:\/\/mail.protection-animaux-psa.ch\/app\/uploads\/2023\/05\/STS-Abstimungen-1024x658.jpg 1024w, https:\/\/mail.protection-animaux-psa.ch\/app\/uploads\/2023\/05\/STS-Abstimungen-300x193.jpg 300w, https:\/\/mail.protection-animaux-psa.ch\/app\/uploads\/2023\/05\/STS-Abstimungen-768x494.jpg 768w, https:\/\/mail.protection-animaux-psa.ch\/app\/uploads\/2023\/05\/STS-Abstimungen.jpg 1416w\" sizes=\"auto, (max-width: 1024px) 100vw, 1024px\" \/><\/figure><div class=\"wp-block-media-text__content\">\n<h3 class=\"wp-block-heading\"><strong><strong>Votazioni e prese di posizione<\/strong><\/strong><\/h3>\n\n\n\n<p>La STS sostiene iniziative contro la crudelt\u00e0 sugli animali. Scoprite qui quali sono.<\/p>\n\n\n\n<div class=\"wp-block-buttons is-layout-flex wp-block-buttons-is-layout-flex\">\n<div class=\"wp-block-button\"><a class=\"wp-block-button__link wp-element-button\" href=\"https:\/\/tierschutz.com\/it\/protezione-degli-animali\/politica\/iniziative-e-prese-di-posizione\/\">Per saperne di pi\u00f9<\/a><\/div>\n<\/div>\n<\/div><\/div>\n<\/div>\n<\/div>\n<\/div>\n","protected":false},"excerpt":{"rendered":"<p>Politica agraria e consumo Votazioni e prese di posizione Protezione degli animali e politica La legislazione sulla protezione degli animali [&hellip;]<\/p>\n","protected":false},"author":5,"featured_media":0,"parent":6285,"menu_order":293,"comment_status":"closed","ping_status":"closed","template":"","meta":{"_acf_changed":false,"inline_featured_image":false,"_vp_format_video_url":"","_vp_image_focal_point":[],"footnotes":""},"class_list":["post-7040","page","type-page","status-publish","hentry"],"acf":[],"yoast_head":"<!-- This site is optimized with the Yoast SEO Premium plugin v27.4 (Yoast SEO v27.4) - https:\/\/yoast.com\/product\/yoast-seo-premium-wordpress\/ -->\n<title>Politica - Protezione Svizzera degli Animali PSA<\/title>\n<meta name=\"robots\" content=\"index, follow, max-snippet:-1, max-image-preview:large, max-video-preview:-1\" \/>\n<link rel=\"canonical\" href=\"https:\/\/mail.protection-animaux-psa.ch\/it\/protezione-degli-animali\/politica\/\" \/>\n<meta property=\"og:locale\" content=\"it_IT\" \/>\n<meta property=\"og:type\" content=\"article\" \/>\n<meta property=\"og:title\" content=\"Politica\" \/>\n<meta property=\"og:description\" content=\"Politica agraria e consumo Votazioni e prese di posizione Protezione degli animali e politica La legislazione sulla protezione degli animali [&hellip;]\" \/>\n<meta property=\"og:url\" content=\"https:\/\/mail.protection-animaux-psa.ch\/it\/protezione-degli-animali\/politica\/\" \/>\n<meta property=\"og:site_name\" content=\"Protezione Svizzera degli Animali PSA\" \/>\n<meta property=\"article:publisher\" content=\"https:\/\/www.facebook.com\/schweizertierschutz\/\" \/>\n<meta property=\"article:modified_time\" content=\"2024-05-31T13:39:34+00:00\" \/>\n<meta property=\"og:image\" content=\"https:\/\/tierschutz.com\/app\/uploads\/2023\/06\/sts-politik-scaled.jpg\" \/>\n<meta name=\"twitter:card\" content=\"summary_large_image\" \/>\n<meta name=\"twitter:label1\" content=\"Tempo di lettura stimato\" \/>\n\t<meta name=\"twitter:data1\" content=\"3 minuti\" \/>\n<script type=\"application\/ld+json\" class=\"yoast-schema-graph\">{\"@context\":\"https:\\\/\\\/schema.org\",\"@graph\":[{\"@type\":\"WebPage\",\"@id\":\"https:\\\/\\\/mail.protection-animaux-psa.ch\\\/it\\\/protezione-degli-animali\\\/politica\\\/\",\"url\":\"https:\\\/\\\/mail.protection-animaux-psa.ch\\\/it\\\/protezione-degli-animali\\\/politica\\\/\",\"name\":\"Politica - Protezione Svizzera degli Animali PSA\",\"isPartOf\":{\"@id\":\"https:\\\/\\\/tierschutz.com\\\/#website\"},\"primaryImageOfPage\":{\"@id\":\"https:\\\/\\\/mail.protection-animaux-psa.ch\\\/it\\\/protezione-degli-animali\\\/politica\\\/#primaryimage\"},\"image\":{\"@id\":\"https:\\\/\\\/mail.protection-animaux-psa.ch\\\/it\\\/protezione-degli-animali\\\/politica\\\/#primaryimage\"},\"thumbnailUrl\":\"https:\\\/\\\/tierschutz.com\\\/app\\\/uploads\\\/2023\\\/06\\\/sts-politik-scaled.jpg\",\"datePublished\":\"2023-05-04T09:35:27+00:00\",\"dateModified\":\"2024-05-31T13:39:34+00:00\",\"breadcrumb\":{\"@id\":\"https:\\\/\\\/mail.protection-animaux-psa.ch\\\/it\\\/protezione-degli-animali\\\/politica\\\/#breadcrumb\"},\"inLanguage\":\"it-IT\",\"potentialAction\":[{\"@type\":\"ReadAction\",\"target\":[\"https:\\\/\\\/mail.protection-animaux-psa.ch\\\/it\\\/protezione-degli-animali\\\/politica\\\/\"]}]},{\"@type\":\"ImageObject\",\"inLanguage\":\"it-IT\",\"@id\":\"https:\\\/\\\/mail.protection-animaux-psa.ch\\\/it\\\/protezione-degli-animali\\\/politica\\\/#primaryimage\",\"url\":\"https:\\\/\\\/tierschutz.com\\\/app\\\/uploads\\\/2023\\\/06\\\/sts-politik-scaled.jpg\",\"contentUrl\":\"https:\\\/\\\/tierschutz.com\\\/app\\\/uploads\\\/2023\\\/06\\\/sts-politik-scaled.jpg\"},{\"@type\":\"BreadcrumbList\",\"@id\":\"https:\\\/\\\/mail.protection-animaux-psa.ch\\\/it\\\/protezione-degli-animali\\\/politica\\\/#breadcrumb\",\"itemListElement\":[{\"@type\":\"ListItem\",\"position\":1,\"name\":\"Pagina iniziale\",\"item\":\"https:\\\/\\\/tierschutz.com\\\/it\\\/\"},{\"@type\":\"ListItem\",\"position\":2,\"name\":\"Protezione degli animali\",\"item\":\"https:\\\/\\\/tierschutz.com\\\/it\\\/protezione-degli-animali\\\/\"},{\"@type\":\"ListItem\",\"position\":3,\"name\":\"Politica\"}]},{\"@type\":\"WebSite\",\"@id\":\"https:\\\/\\\/tierschutz.com\\\/#website\",\"url\":\"https:\\\/\\\/tierschutz.com\\\/\",\"name\":\"tierschutz.com\",\"description\":\"Wir setzen uns f\u00fcr das Wohl der Tiere ein.\",\"publisher\":{\"@id\":\"https:\\\/\\\/tierschutz.com\\\/#organization\"},\"alternateName\":\"Schweizer Tierschutz STS\",\"potentialAction\":[{\"@type\":\"SearchAction\",\"target\":{\"@type\":\"EntryPoint\",\"urlTemplate\":\"https:\\\/\\\/tierschutz.com\\\/?s={search_term_string}\"},\"query-input\":{\"@type\":\"PropertyValueSpecification\",\"valueRequired\":true,\"valueName\":\"search_term_string\"}}],\"inLanguage\":\"it-IT\"},{\"@type\":\"Organization\",\"@id\":\"https:\\\/\\\/tierschutz.com\\\/#organization\",\"name\":\"Schweizer Tierschutz STS\",\"alternateName\":\"STS\",\"url\":\"https:\\\/\\\/tierschutz.com\\\/\",\"logo\":{\"@type\":\"ImageObject\",\"inLanguage\":\"it-IT\",\"@id\":\"https:\\\/\\\/tierschutz.com\\\/#\\\/schema\\\/logo\\\/image\\\/\",\"url\":\"https:\\\/\\\/mail.protection-animaux-psa.ch\\\/app\\\/uploads\\\/2024\\\/04\\\/logo-schweizer-tierschutz-sts-1.svg\",\"contentUrl\":\"https:\\\/\\\/mail.protection-animaux-psa.ch\\\/app\\\/uploads\\\/2024\\\/04\\\/logo-schweizer-tierschutz-sts-1.svg\",\"caption\":\"Schweizer Tierschutz STS\"},\"image\":{\"@id\":\"https:\\\/\\\/tierschutz.com\\\/#\\\/schema\\\/logo\\\/image\\\/\"},\"sameAs\":[\"https:\\\/\\\/www.facebook.com\\\/schweizertierschutz\\\/\",\"https:\\\/\\\/www.instagram.com\\\/schweizertierschutzsts\\\/\",\"https:\\\/\\\/www.youtube.com\\\/@STS_Tierschutz\",\"https:\\\/\\\/www.linkedin.com\\\/company\\\/schweizertierschutzsts\\\/\"],\"description\":\"Der Schweizer Tierschutz STS ist der Dachverband von 71 Tierschutzorganisationen in allen Sprachregionen der Schweiz und in Liechtenstein. Seine Mitarbeitenden leisten wissenschaftlich fundierte Grundlagenarbeit, setzen sich mit Projekten und Aktionen f\u00fcr den Schutz und das Wohlbefinden von Heim-, Wild-, Nutz- und Versuchstieren ein und sensibilisieren die \u00d6ffentlichkeit f\u00fcr Tierschutzthemen.\",\"email\":\"sts@tierschutz.com\",\"telephone\":\"061 365 99 99\",\"legalName\":\"Schweizer Tierschutz STS\"}]}<\/script>\n<!-- \/ Yoast SEO Premium plugin. -->","yoast_head_json":{"title":"Politica - Protezione Svizzera degli Animali PSA","robots":{"index":"index","follow":"follow","max-snippet":"max-snippet:-1","max-image-preview":"max-image-preview:large","max-video-preview":"max-video-preview:-1"},"canonical":"https:\/\/mail.protection-animaux-psa.ch\/it\/protezione-degli-animali\/politica\/","og_locale":"it_IT","og_type":"article","og_title":"Politica","og_description":"Politica agraria e consumo Votazioni e prese di posizione Protezione degli animali e politica La legislazione sulla protezione degli animali [&hellip;]","og_url":"https:\/\/mail.protection-animaux-psa.ch\/it\/protezione-degli-animali\/politica\/","og_site_name":"Protezione Svizzera degli Animali PSA","article_publisher":"https:\/\/www.facebook.com\/schweizertierschutz\/","article_modified_time":"2024-05-31T13:39:34+00:00","og_image":[{"url":"https:\/\/tierschutz.com\/app\/uploads\/2023\/06\/sts-politik-scaled.jpg","type":"","width":"","height":""}],"twitter_card":"summary_large_image","twitter_misc":{"Tempo di lettura stimato":"3 minuti"},"schema":{"@context":"https:\/\/schema.org","@graph":[{"@type":"WebPage","@id":"https:\/\/mail.protection-animaux-psa.ch\/it\/protezione-degli-animali\/politica\/","url":"https:\/\/mail.protection-animaux-psa.ch\/it\/protezione-degli-animali\/politica\/","name":"Politica - Protezione Svizzera degli Animali PSA","isPartOf":{"@id":"https:\/\/tierschutz.com\/#website"},"primaryImageOfPage":{"@id":"https:\/\/mail.protection-animaux-psa.ch\/it\/protezione-degli-animali\/politica\/#primaryimage"},"image":{"@id":"https:\/\/mail.protection-animaux-psa.ch\/it\/protezione-degli-animali\/politica\/#primaryimage"},"thumbnailUrl":"https:\/\/tierschutz.com\/app\/uploads\/2023\/06\/sts-politik-scaled.jpg","datePublished":"2023-05-04T09:35:27+00:00","dateModified":"2024-05-31T13:39:34+00:00","breadcrumb":{"@id":"https:\/\/mail.protection-animaux-psa.ch\/it\/protezione-degli-animali\/politica\/#breadcrumb"},"inLanguage":"it-IT","potentialAction":[{"@type":"ReadAction","target":["https:\/\/mail.protection-animaux-psa.ch\/it\/protezione-degli-animali\/politica\/"]}]},{"@type":"ImageObject","inLanguage":"it-IT","@id":"https:\/\/mail.protection-animaux-psa.ch\/it\/protezione-degli-animali\/politica\/#primaryimage","url":"https:\/\/tierschutz.com\/app\/uploads\/2023\/06\/sts-politik-scaled.jpg","contentUrl":"https:\/\/tierschutz.com\/app\/uploads\/2023\/06\/sts-politik-scaled.jpg"},{"@type":"BreadcrumbList","@id":"https:\/\/mail.protection-animaux-psa.ch\/it\/protezione-degli-animali\/politica\/#breadcrumb","itemListElement":[{"@type":"ListItem","position":1,"name":"Pagina iniziale","item":"https:\/\/tierschutz.com\/it\/"},{"@type":"ListItem","position":2,"name":"Protezione degli animali","item":"https:\/\/tierschutz.com\/it\/protezione-degli-animali\/"},{"@type":"ListItem","position":3,"name":"Politica"}]},{"@type":"WebSite","@id":"https:\/\/tierschutz.com\/#website","url":"https:\/\/tierschutz.com\/","name":"tierschutz.com","description":"Wir setzen uns f\u00fcr das Wohl der Tiere ein.","publisher":{"@id":"https:\/\/tierschutz.com\/#organization"},"alternateName":"Schweizer Tierschutz STS","potentialAction":[{"@type":"SearchAction","target":{"@type":"EntryPoint","urlTemplate":"https:\/\/tierschutz.com\/?s={search_term_string}"},"query-input":{"@type":"PropertyValueSpecification","valueRequired":true,"valueName":"search_term_string"}}],"inLanguage":"it-IT"},{"@type":"Organization","@id":"https:\/\/tierschutz.com\/#organization","name":"Schweizer Tierschutz STS","alternateName":"STS","url":"https:\/\/tierschutz.com\/","logo":{"@type":"ImageObject","inLanguage":"it-IT","@id":"https:\/\/tierschutz.com\/#\/schema\/logo\/image\/","url":"https:\/\/mail.protection-animaux-psa.ch\/app\/uploads\/2024\/04\/logo-schweizer-tierschutz-sts-1.svg","contentUrl":"https:\/\/mail.protection-animaux-psa.ch\/app\/uploads\/2024\/04\/logo-schweizer-tierschutz-sts-1.svg","caption":"Schweizer Tierschutz STS"},"image":{"@id":"https:\/\/tierschutz.com\/#\/schema\/logo\/image\/"},"sameAs":["https:\/\/www.facebook.com\/schweizertierschutz\/","https:\/\/www.instagram.com\/schweizertierschutzsts\/","https:\/\/www.youtube.com\/@STS_Tierschutz","https:\/\/www.linkedin.com\/company\/schweizertierschutzsts\/"],"description":"Der Schweizer Tierschutz STS ist der Dachverband von 71 Tierschutzorganisationen in allen Sprachregionen der Schweiz und in Liechtenstein. Seine Mitarbeitenden leisten wissenschaftlich fundierte Grundlagenarbeit, setzen sich mit Projekten und Aktionen f\u00fcr den Schutz und das Wohlbefinden von Heim-, Wild-, Nutz- und Versuchstieren ein und sensibilisieren die \u00d6ffentlichkeit f\u00fcr Tierschutzthemen.","email":"sts@tierschutz.com","telephone":"061 365 99 99","legalName":"Schweizer Tierschutz STS"}]}},"_links":{"self":[{"href":"https:\/\/mail.protection-animaux-psa.ch\/it\/wp-json\/wp\/v2\/pages\/7040","targetHints":{"allow":["GET"]}}],"collection":[{"href":"https:\/\/mail.protection-animaux-psa.ch\/it\/wp-json\/wp\/v2\/pages"}],"about":[{"href":"https:\/\/mail.protection-animaux-psa.ch\/it\/wp-json\/wp\/v2\/types\/page"}],"author":[{"embeddable":true,"href":"https:\/\/mail.protection-animaux-psa.ch\/it\/wp-json\/wp\/v2\/users\/5"}],"replies":[{"embeddable":true,"href":"https:\/\/mail.protection-animaux-psa.ch\/it\/wp-json\/wp\/v2\/comments?post=7040"}],"version-history":[{"count":6,"href":"https:\/\/mail.protection-animaux-psa.ch\/it\/wp-json\/wp\/v2\/pages\/7040\/revisions"}],"predecessor-version":[{"id":20916,"href":"https:\/\/mail.protection-animaux-psa.ch\/it\/wp-json\/wp\/v2\/pages\/7040\/revisions\/20916"}],"up":[{"embeddable":true,"href":"https:\/\/mail.protection-animaux-psa.ch\/it\/wp-json\/wp\/v2\/pages\/6285"}],"wp:attachment":[{"href":"https:\/\/mail.protection-animaux-psa.ch\/it\/wp-json\/wp\/v2\/media?parent=7040"}],"curies":[{"name":"wp","href":"https:\/\/api.w.org\/{rel}","templated":true}]}}